{"id":7280,"date":"2016-04-01T03:42:24","date_gmt":"2016-04-01T03:42:24","guid":{"rendered":"http:\/\/tractopart.com\/sp\/?page_id=7280"},"modified":"2016-04-01T03:50:02","modified_gmt":"2016-04-01T03:50:02","slug":"iveco","status":"publish","type":"page","link":"https:\/\/tractopart.com\/sp\/iveco\/","title":{"rendered":"Iveco"},"content":{"rendered":"<div class=\"wpb-content-wrapper\"><p>[vc_row full_width=\u00bb\u00bb parallax=\u00bb\u00bb parallax_image=\u00bb\u00bb][vc_column width=\u00bb1\/2&#8243;][vc_single_image border_color=\u00bbgrey\u00bb img_link_large=\u00bb\u00bb img_link_target=\u00bb_self\u00bb image=\u00bb7283&#8243; img_size=\u00bbfull\u00bb][\/vc_column][vc_column width=\u00bb1\/2&#8243;][vc_column_text]Aqu\u00ed en TractoPart hemos entregado las mejores piezas para camiones y remolques pesados en la ciudad de Miami<\/p>\n<p>Tenemos una amplia selecci\u00f3n de piezas de camiones pesados que ofrecemos en todo el mundo. Nuestras piezas var\u00edan de camiones IVECO , MACK entre otros<\/p>\n<p>Tenemos la mayor selecci\u00f3n de piezas de camiones pesados en el mercado de recambios del autom\u00f3vil en Miami y se esfuerza por lograr el m\u00e1s alto nivel de calidad en su repuestos<\/p>\n<p>Esta nueva linea en la divisi\u00f3n de piezas de cami\u00f3n en el Mercado Mundial, nos permite ofrecer una gran variedad de piezas de camion Esto ha ayudado a establecer a nosotros mismos como la marca de piezas de camiones y remolque para usar en todo el mundo.[\/vc_column_text][vc_empty_space height=\u00bb20px\u00bb][vc_single_image image=\u00bb7285&#8243; border_color=\u00bbgrey\u00bb img_link_large=\u00bb\u00bb img_link_target=\u00bb_self\u00bb img_size=\u00bbfull\u00bb][\/vc_column][\/vc_row][vc_row full_width=\u00bb\u00bb parallax=\u00bb\u00bb parallax_image=\u00bb\u00bb][vc_column width=\u00bb1\/1&#8243;][vc_column_text]<\/p>\n<h1>Algunas de las categor\u00edas de productos son:<\/h1>\n<p>[\/vc_column_text][\/vc_column][\/vc_row][vc_row full_width=\u00bb\u00bb parallax=\u00bb\u00bb parallax_image=\u00bb\u00bb][vc_column width=\u00bb1\/3&#8243;][vc_column_text]Kit de reparacion\u00a0 de la caja<br \/>\nKits de freno ,\u00a0 disco de Clutch[\/vc_column_text][\/vc_column][vc_column width=\u00bb1\/3&#8243;][vc_column_text]Piezas de motor:<br \/>\nPiezas Mack Engine<br \/>\nPartes Cummins Engine Caterpillar<br \/>\nPartes InterEngine Detroit Engine<br \/>\nFord 6.6 to 7.8<br \/>\nDirecci\u00f3n Asistida<br \/>\nBombas de aire[\/vc_column_text][\/vc_column][vc_column width=\u00bb1\/3&#8243;][vc_column_text]Suspension:<br \/>\nPieza Mack de Suspension<br \/>\nPartes Hendrickson de Suspension<br \/>\nPiezas de la suspensi\u00f3n<br \/>\nPartes Reyco Suspension \u2013 etc.[\/vc_column_text][\/vc_column][\/vc_row]<\/p>\n<\/div>","protected":false},"excerpt":{"rendered":"<p>[vc_row full_width=\u00bb\u00bb parallax=\u00bb\u00bb parallax_image=\u00bb\u00bb][vc_column width=\u00bb1\/2&#8243;][vc_single_image border_color=\u00bbgrey\u00bb img_link_large=\u00bb\u00bb img_link_target=\u00bb_self\u00bb image=\u00bb7283&#8243; img_size=\u00bbfull\u00bb][\/vc_column][vc_column width=\u00bb1\/2&#8243;][vc_column_text]Aqu\u00ed en TractoPart hemos entregado las mejores piezas para camiones y remolques pesados en la ciudad de Miami Tenemos una amplia selecci\u00f3n de piezas de camiones pesados que ofrecemos en todo el mundo. Nuestras piezas var\u00edan de camiones IVECO , MACK entre otros Tenemos la<\/p>\n","protected":false},"author":13,"featured_media":0,"parent":0,"menu_order":0,"comment_status":"open","ping_status":"open","template":"","meta":{"footnotes":""},"class_list":["post-7280","page","type-page","status-publish","hentry"],"aioseo_notices":[],"_links":{"self":[{"href":"https:\/\/tractopart.com\/sp\/wp-json\/wp\/v2\/pages\/7280","targetHints":{"allow":["GET"]}}],"collection":[{"href":"https:\/\/tractopart.com\/sp\/wp-json\/wp\/v2\/pages"}],"about":[{"href":"https:\/\/tractopart.com\/sp\/wp-json\/wp\/v2\/types\/page"}],"author":[{"embeddable":true,"href":"https:\/\/tractopart.com\/sp\/wp-json\/wp\/v2\/users\/13"}],"replies":[{"embeddable":true,"href":"https:\/\/tractopart.com\/sp\/wp-json\/wp\/v2\/comments?post=7280"}],"version-history":[{"count":3,"href":"https:\/\/tractopart.com\/sp\/wp-json\/wp\/v2\/pages\/7280\/revisions"}],"predecessor-version":[{"id":7286,"href":"https:\/\/tractopart.com\/sp\/wp-json\/wp\/v2\/pages\/7280\/revisions\/7286"}],"wp:attachment":[{"href":"https:\/\/tractopart.com\/sp\/wp-json\/wp\/v2\/media?parent=7280"}],"curies":[{"name":"wp","href":"https:\/\/api.w.org\/{rel}","templated":true}]}}