{"id":4861,"date":"2015-08-07T21:45:28","date_gmt":"2015-08-07T21:45:28","guid":{"rendered":"http:\/\/creaxpress.com\/tractopart\/?page_id=4861"},"modified":"2015-08-11T21:34:32","modified_gmt":"2015-08-11T21:34:32","slug":"rebuilt-constructions-parts","status":"publish","type":"page","link":"https:\/\/tractopart.com\/sp\/rebuilt-constructions-parts\/","title":{"rendered":"Piezas Originales Reconstruidas"},"content":{"rendered":"<div class=\"wpb-content-wrapper\"><p>[vc_row full_width=\u00bb\u00bb parallax=\u00bb\u00bb parallax_image=\u00bb\u00bb][vc_column width=\u00bb1\/2&#8243;][vc_single_image image=\u00bb4905&#8243; border_color=\u00bbgrey\u00bb img_link_large=\u00bb\u00bb img_link_target=\u00bb_self\u00bb img_size=\u00bbfull\u00bb][\/vc_column][vc_column width=\u00bb1\/2&#8243;][vc_column_text]Estamos orgullosos de anunciar que adem\u00e1s de vender piezas reconstruidas, podemos reconstruir bombas hidr\u00e1ulicas, motores hidr\u00e1ulicos, cilindros, mandos finales, motores, dispositivos de impulsar, ejes, motores, transmisiones y otras partes. Podemos ofrecer a reconstruir casi cualquier cosa. .<\/p>\n<h1>Si usted est\u00e1 buscando espec\u00edficamente para piezas de construcci\u00f3n reconstruidas, por favor ll\u00e1menos o llene el formulario de solicitud de piezas. Env\u00edo el mismo d\u00eda disponible en la mayor\u00eda de las partes.<\/h1>\n<p>[\/vc_column_text][\/vc_column][\/vc_row]<\/p>\n<\/div>","protected":false},"excerpt":{"rendered":"<p>[vc_row full_width=\u00bb\u00bb parallax=\u00bb\u00bb parallax_image=\u00bb\u00bb][vc_column width=\u00bb1\/2&#8243;][vc_single_image image=\u00bb4905&#8243; border_color=\u00bbgrey\u00bb img_link_large=\u00bb\u00bb img_link_target=\u00bb_self\u00bb img_size=\u00bbfull\u00bb][\/vc_column][vc_column width=\u00bb1\/2&#8243;][vc_column_text]Estamos orgullosos de anunciar que adem\u00e1s de vender piezas reconstruidas, podemos reconstruir bombas hidr\u00e1ulicas, motores hidr\u00e1ulicos, cilindros, mandos finales, motores, dispositivos de impulsar, ejes, motores, transmisiones y otras partes. Podemos ofrecer a reconstruir casi cualquier cosa. . Si usted est\u00e1 buscando espec\u00edficamente para piezas de<\/p>\n","protected":false},"author":13,"featured_media":0,"parent":0,"menu_order":0,"comment_status":"open","ping_status":"open","template":"","meta":{"footnotes":""},"class_list":["post-4861","page","type-page","status-publish","hentry"],"aioseo_notices":[],"_links":{"self":[{"href":"https:\/\/tractopart.com\/sp\/wp-json\/wp\/v2\/pages\/4861","targetHints":{"allow":["GET"]}}],"collection":[{"href":"https:\/\/tractopart.com\/sp\/wp-json\/wp\/v2\/pages"}],"about":[{"href":"https:\/\/tractopart.com\/sp\/wp-json\/wp\/v2\/types\/page"}],"author":[{"embeddable":true,"href":"https:\/\/tractopart.com\/sp\/wp-json\/wp\/v2\/users\/13"}],"replies":[{"embeddable":true,"href":"https:\/\/tractopart.com\/sp\/wp-json\/wp\/v2\/comments?post=4861"}],"version-history":[{"count":4,"href":"https:\/\/tractopart.com\/sp\/wp-json\/wp\/v2\/pages\/4861\/revisions"}],"predecessor-version":[{"id":4999,"href":"https:\/\/tractopart.com\/sp\/wp-json\/wp\/v2\/pages\/4861\/revisions\/4999"}],"wp:attachment":[{"href":"https:\/\/tractopart.com\/sp\/wp-json\/wp\/v2\/media?parent=4861"}],"curies":[{"name":"wp","href":"https:\/\/api.w.org\/{rel}","templated":true}]}}