{"id":4853,"date":"2015-08-07T21:33:38","date_gmt":"2015-08-07T21:33:38","guid":{"rendered":"http:\/\/creaxpress.com\/tractopart\/?page_id=4853"},"modified":"2015-08-11T21:40:13","modified_gmt":"2015-08-11T21:40:13","slug":"replacements-parts","status":"publish","type":"page","link":"https:\/\/tractopart.com\/sp\/replacements-parts\/","title":{"rendered":"Piezas de Reemplazo"},"content":{"rendered":"<div class=\"wpb-content-wrapper\"><p>[vc_row full_width=\u00bb\u00bb parallax=\u00bb\u00bb parallax_image=\u00bb\u00bb][vc_column width=\u00bb1\/1&#8243;][vc_single_image image=\u00bb4847&#8243; border_color=\u00bbgrey\u00bb img_link_large=\u00bb\u00bb img_link_target=\u00bb_self\u00bb img_size=\u00bbfull\u00bb][\/vc_column][\/vc_row][vc_row full_width=\u00bb\u00bb parallax=\u00bb\u00bb parallax_image=\u00bb\u00bb][vc_column width=\u00bb1\/1&#8243;][vc_row_inner][vc_column_inner el_class=\u00bb\u00bb width=\u00bb1\/2&#8243;][vc_empty_space height=\u00bb32px\u00bb][vc_column_text]<\/p>\n<h1>Si lo que busca en ahorrar algo de dinero, o no puede encontrar la pieza Original o parte usada que busca.<\/h1>\n<p>Puede ser la mejor opci\u00f3n suministramos nuevas piezas de reemplazo para un gran n\u00famero de retroexcavadoras, excavadoras, cargadoras, excavadoras y m\u00e1s. La mayor\u00eda de nuestras piezas de recambio son John Deere y Case Komatsu Caterpillar y se fabrican en los Estados Unidos, he con mejor calidad que el fabricante original. [\/vc_column_text][\/vc_column_inner][vc_column_inner el_class=\u00bb\u00bb width=\u00bb1\/2&#8243;][vc_empty_space height=\u00bb32px\u00bb][vc_column_text]<\/p>\n<h3>Ofrecemos repuestos para los siguientes fabricantes de equipo pesado&#8230;<\/h3>\n<p>Case<br \/>\nCaterpillar<br \/>\nHitachi<br \/>\nJohn Deere<br \/>\nKomatsu<br \/>\nKobelco<br \/>\nNew Holland<br \/>\nvolvo[\/vc_column_text][\/vc_column_inner][\/vc_row_inner][\/vc_column][\/vc_row][vc_row full_width=\u00bb\u00bb parallax=\u00bb\u00bb parallax_image=\u00bb\u00bb][vc_column width=\u00bb1\/1&#8243;][vc_column_text]<\/p>\n<h1>Si el fabricante del equipo que busca no est\u00e1 en la lista anterior, por favor ll\u00e1menos, nuestro inventario cambia a menudo<\/h1>\n<p>[\/vc_column_text][\/vc_column][\/vc_row]<\/p>\n<\/div>","protected":false},"excerpt":{"rendered":"<p>[vc_row full_width=\u00bb\u00bb parallax=\u00bb\u00bb parallax_image=\u00bb\u00bb][vc_column width=\u00bb1\/1&#8243;][vc_single_image image=\u00bb4847&#8243; border_color=\u00bbgrey\u00bb img_link_large=\u00bb\u00bb img_link_target=\u00bb_self\u00bb img_size=\u00bbfull\u00bb][\/vc_column][\/vc_row][vc_row full_width=\u00bb\u00bb parallax=\u00bb\u00bb parallax_image=\u00bb\u00bb][vc_column width=\u00bb1\/1&#8243;][vc_row_inner][vc_column_inner el_class=\u00bb\u00bb width=\u00bb1\/2&#8243;][vc_empty_space height=\u00bb32px\u00bb][vc_column_text] Si lo que busca en ahorrar algo de dinero, o no puede encontrar la pieza Original o parte usada que busca. Puede ser la mejor opci\u00f3n suministramos nuevas piezas de reemplazo para un gran n\u00famero de retroexcavadoras, excavadoras,<\/p>\n","protected":false},"author":13,"featured_media":0,"parent":0,"menu_order":0,"comment_status":"open","ping_status":"open","template":"","meta":{"footnotes":""},"class_list":["post-4853","page","type-page","status-publish","hentry"],"aioseo_notices":[],"_links":{"self":[{"href":"https:\/\/tractopart.com\/sp\/wp-json\/wp\/v2\/pages\/4853","targetHints":{"allow":["GET"]}}],"collection":[{"href":"https:\/\/tractopart.com\/sp\/wp-json\/wp\/v2\/pages"}],"about":[{"href":"https:\/\/tractopart.com\/sp\/wp-json\/wp\/v2\/types\/page"}],"author":[{"embeddable":true,"href":"https:\/\/tractopart.com\/sp\/wp-json\/wp\/v2\/users\/13"}],"replies":[{"embeddable":true,"href":"https:\/\/tractopart.com\/sp\/wp-json\/wp\/v2\/comments?post=4853"}],"version-history":[{"count":8,"href":"https:\/\/tractopart.com\/sp\/wp-json\/wp\/v2\/pages\/4853\/revisions"}],"predecessor-version":[{"id":5000,"href":"https:\/\/tractopart.com\/sp\/wp-json\/wp\/v2\/pages\/4853\/revisions\/5000"}],"wp:attachment":[{"href":"https:\/\/tractopart.com\/sp\/wp-json\/wp\/v2\/media?parent=4853"}],"curies":[{"name":"wp","href":"https:\/\/api.w.org\/{rel}","templated":true}]}}