{"id":4846,"date":"2015-08-07T21:28:27","date_gmt":"2015-08-07T21:28:27","guid":{"rendered":"http:\/\/creaxpress.com\/tractopart\/?page_id=4846"},"modified":"2015-08-11T21:32:06","modified_gmt":"2015-08-11T21:32:06","slug":"used-heavy-equipments-parts","status":"publish","type":"page","link":"https:\/\/tractopart.com\/sp\/used-heavy-equipments-parts\/","title":{"rendered":"Piezas usadas para equipo pesado en Miami"},"content":{"rendered":"<div class=\"wpb-content-wrapper\"><p>[vc_row full_width=\u00bb\u00bb parallax=\u00bb\u00bb parallax_image=\u00bb\u00bb][vc_column width=\u00bb1\/1&#8243;][vc_row_inner][vc_column_inner el_class=\u00bb\u00bb width=\u00bb1\/2&#8243;][vc_single_image image=\u00bb4907&#8243; border_color=\u00bbgrey\u00bb img_link_large=\u00bb\u00bb img_link_target=\u00bb_self\u00bb img_size=\u00bbfull\u00bb][\/vc_column_inner][vc_column_inner el_class=\u00bb\u00bb width=\u00bb1\/2&#8243;][vc_column_text]<\/p>\n<h2>En Tracto Part suministramos calidad en partes de construcci\u00f3n de equipo pesado<\/h2>\n<p>[\/vc_column_text][vc_empty_space height=\u00bb32px\u00bb][vc_column_text]Piezas Usadas de equipos pesados puede ser una manera rentable de conseguir su m\u00e1quina en funcionamiento. En la industria de la construcci\u00f3n, es dif\u00edcil justificar el costo de la reparaci\u00f3n en el equipo pesado si el costo de la reparaci\u00f3n supera el valor de la m\u00e1quina.Tomamos esta opci\u00f3n<br \/>\nSi el tiempo es un requisito, tenemos un sistema que al instante nos dice cu\u00e1l es el precio y la disponibilidad es de lo que requiere y qu\u00e9 opciones podemos suministrar.[\/vc_column_text][\/vc_column_inner][\/vc_row_inner][\/vc_column][\/vc_row]<\/p>\n<\/div>","protected":false},"excerpt":{"rendered":"<p>[vc_row full_width=\u00bb\u00bb parallax=\u00bb\u00bb parallax_image=\u00bb\u00bb][vc_column width=\u00bb1\/1&#8243;][vc_row_inner][vc_column_inner el_class=\u00bb\u00bb width=\u00bb1\/2&#8243;][vc_single_image image=\u00bb4907&#8243; border_color=\u00bbgrey\u00bb img_link_large=\u00bb\u00bb img_link_target=\u00bb_self\u00bb img_size=\u00bbfull\u00bb][\/vc_column_inner][vc_column_inner el_class=\u00bb\u00bb width=\u00bb1\/2&#8243;][vc_column_text] En Tracto Part suministramos calidad en partes de construcci\u00f3n de equipo pesado [\/vc_column_text][vc_empty_space height=\u00bb32px\u00bb][vc_column_text]Piezas Usadas de equipos pesados puede ser una manera rentable de conseguir su m\u00e1quina en funcionamiento. En la industria de la construcci\u00f3n, es dif\u00edcil justificar el costo de<\/p>\n","protected":false},"author":13,"featured_media":0,"parent":0,"menu_order":0,"comment_status":"open","ping_status":"open","template":"","meta":{"footnotes":""},"class_list":["post-4846","page","type-page","status-publish","hentry"],"aioseo_notices":[],"_links":{"self":[{"href":"https:\/\/tractopart.com\/sp\/wp-json\/wp\/v2\/pages\/4846","targetHints":{"allow":["GET"]}}],"collection":[{"href":"https:\/\/tractopart.com\/sp\/wp-json\/wp\/v2\/pages"}],"about":[{"href":"https:\/\/tractopart.com\/sp\/wp-json\/wp\/v2\/types\/page"}],"author":[{"embeddable":true,"href":"https:\/\/tractopart.com\/sp\/wp-json\/wp\/v2\/users\/13"}],"replies":[{"embeddable":true,"href":"https:\/\/tractopart.com\/sp\/wp-json\/wp\/v2\/comments?post=4846"}],"version-history":[{"count":7,"href":"https:\/\/tractopart.com\/sp\/wp-json\/wp\/v2\/pages\/4846\/revisions"}],"predecessor-version":[{"id":4997,"href":"https:\/\/tractopart.com\/sp\/wp-json\/wp\/v2\/pages\/4846\/revisions\/4997"}],"wp:attachment":[{"href":"https:\/\/tractopart.com\/sp\/wp-json\/wp\/v2\/media?parent=4846"}],"curies":[{"name":"wp","href":"https:\/\/api.w.org\/{rel}","templated":true}]}}