{"id":4838,"date":"2015-08-07T21:05:34","date_gmt":"2015-08-07T21:05:34","guid":{"rendered":"http:\/\/creaxpress.com\/tractopart\/?page_id=4838"},"modified":"2015-08-11T21:28:14","modified_gmt":"2015-08-11T21:28:14","slug":"oem-constructions-parts-in-miami","status":"publish","type":"page","link":"https:\/\/tractopart.com\/sp\/oem-constructions-parts-in-miami\/","title":{"rendered":"Partes Originales en Miami"},"content":{"rendered":"<div class=\"wpb-content-wrapper\"><p>[vc_row full_width=\u00bb\u00bb parallax=\u00bb\u00bb parallax_image=\u00bb\u00bb][vc_column width=\u00bb1\/1&#8243;][vc_row_inner][vc_column_inner el_class=\u00bb\u00bb width=\u00bb1\/2&#8243;][vc_single_image image=\u00bb4903&#8243; border_color=\u00bbgrey\u00bb img_link_large=\u00bb\u00bb img_link_target=\u00bb_self\u00bb img_size=\u00bbfull\u00bb][\/vc_column_inner][vc_column_inner el_class=\u00bb\u00bb width=\u00bb1\/2&#8243;][vc_column_text]<\/p>\n<h2>En Tracto Part suministramos calidad en partes de construcci\u00f3n de equipo pesado<\/h2>\n<p>[\/vc_column_text][vc_empty_space height=\u00bb32px\u00bb][vc_column_text]Algunos clientes prefieren seguir con piezas originales en su lugar de piezas de reemplazo usado o reconstruido OEM (fabricante de equipos originales). Si ese es usted, entonces has venido al lugar correcto. Tenemos gran inventario de piezas nuevas de construcci\u00f3n excedentes OEM para excavadoras, retroexcavadoras, cargadores de cadenas, excavadoras, camiones de transporte y otros equipos pesados[\/vc_column_text][vc_empty_space height=\u00bb20px\u00bb][vc_column_text]<\/p>\n<h3>Piezas de reemplazo<\/h3>\n<p>\u00bfEst\u00e1s cuestionando si ir con Piezas Originales ( OEM ) o Piezas de Reemplazo? Esta es una pregunta muy com\u00fan en nuestra industria y diferentes personas y diferentes empresas le dir\u00e1 cosas diferentes. Hay muchas variables. Por un lado, algunas partes de Reemplazo se hacen por las mismas empresas que fabrican las piezas del OEM, la \u00fanica diferencia que las piezas de recambio son simplemente que carecen de una marca de OEM. En otros casos, las piezas de recambio est\u00e1n hechos descuidadamente sin respeto a la m\u00e1quina que est\u00e1n a punto de seguir adelante.<\/p>\n<p>En Tracto Part Tenemos fabricantes lideres en la Industria para saber comprar y cu\u00e1ndo comprar de ellos. Uno de nuestros especialistas de soporte del producto estar\u00e1 encantado de responder a cualquier pregunta que usted pueda tener con relaci\u00f3n a Piezas de reemplazo y piezas de construcci\u00f3n de OEM.<\/p>\n<p>Ofrecemos repuestos para los siguientes fabricantes de equipo pesado&#8230;<\/p>\n<p>Case<br \/>\nCaterpillar<br \/>\nHitachi<br \/>\nJohn Deere<br \/>\nKomatsu<br \/>\nKobelco<br \/>\nNew Holland<br \/>\nVolvo<br \/>\ny m\u00e1s&#8230;[\/vc_column_text][\/vc_column_inner][\/vc_row_inner][\/vc_column][\/vc_row]<\/p>\n<\/div>","protected":false},"excerpt":{"rendered":"<p>[vc_row full_width=\u00bb\u00bb parallax=\u00bb\u00bb parallax_image=\u00bb\u00bb][vc_column width=\u00bb1\/1&#8243;][vc_row_inner][vc_column_inner el_class=\u00bb\u00bb width=\u00bb1\/2&#8243;][vc_single_image image=\u00bb4903&#8243; border_color=\u00bbgrey\u00bb img_link_large=\u00bb\u00bb img_link_target=\u00bb_self\u00bb img_size=\u00bbfull\u00bb][\/vc_column_inner][vc_column_inner el_class=\u00bb\u00bb width=\u00bb1\/2&#8243;][vc_column_text] En Tracto Part suministramos calidad en partes de construcci\u00f3n de equipo pesado [\/vc_column_text][vc_empty_space height=\u00bb32px\u00bb][vc_column_text]Algunos clientes prefieren seguir con piezas originales en su lugar de piezas de reemplazo usado o reconstruido OEM (fabricante de equipos originales). Si ese es usted, entonces has<\/p>\n","protected":false},"author":13,"featured_media":0,"parent":0,"menu_order":0,"comment_status":"open","ping_status":"open","template":"","meta":{"footnotes":""},"class_list":["post-4838","page","type-page","status-publish","hentry"],"aioseo_notices":[],"_links":{"self":[{"href":"https:\/\/tractopart.com\/sp\/wp-json\/wp\/v2\/pages\/4838","targetHints":{"allow":["GET"]}}],"collection":[{"href":"https:\/\/tractopart.com\/sp\/wp-json\/wp\/v2\/pages"}],"about":[{"href":"https:\/\/tractopart.com\/sp\/wp-json\/wp\/v2\/types\/page"}],"author":[{"embeddable":true,"href":"https:\/\/tractopart.com\/sp\/wp-json\/wp\/v2\/users\/13"}],"replies":[{"embeddable":true,"href":"https:\/\/tractopart.com\/sp\/wp-json\/wp\/v2\/comments?post=4838"}],"version-history":[{"count":9,"href":"https:\/\/tractopart.com\/sp\/wp-json\/wp\/v2\/pages\/4838\/revisions"}],"predecessor-version":[{"id":4995,"href":"https:\/\/tractopart.com\/sp\/wp-json\/wp\/v2\/pages\/4838\/revisions\/4995"}],"wp:attachment":[{"href":"https:\/\/tractopart.com\/sp\/wp-json\/wp\/v2\/media?parent=4838"}],"curies":[{"name":"wp","href":"https:\/\/api.w.org\/{rel}","templated":true}]}}