{"id":4808,"date":"2015-08-06T21:52:57","date_gmt":"2015-08-06T21:52:57","guid":{"rendered":"http:\/\/creaxpress.com\/tractopart\/?page_id=4808"},"modified":"2015-08-12T16:54:57","modified_gmt":"2015-08-12T16:54:57","slug":"electric-system","status":"publish","type":"page","link":"https:\/\/tractopart.com\/sp\/electric-system\/","title":{"rendered":"Sistema El\u00e9ctrico"},"content":{"rendered":"<div class=\"wpb-content-wrapper\"><p>[vc_row full_width=\u00bb\u00bb parallax=\u00bb\u00bb parallax_image=\u00bb\u00bb][vc_column width=\u00bb1\/2&#8243;][vc_single_image border_color=\u00bbgrey\u00bb img_link_large=\u00bb\u00bb img_link_target=\u00bb_self\u00bb image=\u00bb4965&#8243; img_size=\u00bbfull\u00bb][\/vc_column][vc_column width=\u00bb1\/2&#8243;][vc_column_text]<\/p>\n<div class=\"product-content\">\n<p>Ofrecemos productos de alta calidad que de fabricantes confiables, serviciales y con m\u00e1s recursos de la industria de piezas de repuesto.<\/p>\n<ul>\n<li>Las especificaciones de nuestras piezas cumplen\u00a0 especificaciones de los fabricantes de equipos<\/li>\n<li>Vendemos piezas de repuesto de la mejor calidad para los equipos de construcci\u00f3n<\/li>\n<li>Los mejores proveedores de piezas de repuesto en el mercado de construcci\u00f3n, Mineria, Industrial y Agricola<\/li>\n<li>Nuestro compromiso es ofrecer a nuestros clientes piezas de repuesto nuevas y reconstruidas con la m\u00e1s alta calidad.<\/li>\n<li>Elegimos nuestros proveedores, incluidos muchos fabricantes de equipos originales entre los mejores en la industria de las piezas de repuesto.<\/li>\n<\/ul>\n<\/div>\n<p>[\/vc_column_text][\/vc_column][\/vc_row][vc_row full_width=\u00bb\u00bb parallax=\u00bb\u00bb parallax_image=\u00bb\u00bb][vc_column width=\u00bb1\/1&#8243;][vc_empty_space height=\u00bb20px\u00bb][vc_column_text]<\/p>\n<h3>Tractopart se encarga de todos los aspectos del rendimiento de su m\u00e1quina. A continuaci\u00f3n encontrara el listado de piezas el\u00e9ctricas disponibles en Tracto Part:<\/h3>\n<p>[\/vc_column_text][vc_row_inner][vc_column_inner el_class=\u00bb\u00bb width=\u00bb1\/3&#8243;][vc_column_text]<\/p>\n<ul>\n<li>\u00a0 \u00a0 Arranque<\/li>\n<li>\u00a0\u00a0\u00a0 Regulador de Motor<\/li>\n<li>\u00a0\u00a0\u00a0 Interruptores<\/li>\n<li>\u00a0\u00a0\u00a0 Escobillas el\u00e9ctricas<\/li>\n<li>\u00a0\u00a0\u00a0 Fusibles<\/li>\n<li>\u00a0\u00a0\u00a0 Bobina de Campo<\/li>\n<li>\u00a0\u00a0\u00a0 Tomacorrientes<\/li>\n<li>\u00a0\u00a0\u00a0 Reguladores<\/li>\n<li>\u00a0\u00a0\u00a0 Rel\u00e9 El\u00e9ctrico<\/li>\n<\/ul>\n<p>[\/vc_column_text][\/vc_column_inner][vc_column_inner el_class=\u00bb\u00bb width=\u00bb1\/3&#8243;][vc_column_text]<\/p>\n<ul>\n<li>\u00a0\u00a0\u00a0 Sensores<\/li>\n<li>\u00a0\u00a0\u00a0 Re\u00f3stato<\/li>\n<li>\u00a0\u00a0\u00a0 Buj\u00eda de Encendido<\/li>\n<li>\u00a0\u00a0\u00a0 Motor de arranque<\/li>\n<li>\u00a0\u00a0\u00a0 Terminales el\u00e9ctricos<\/li>\n<li>\u00a0\u00a0\u00a0 Termopar<\/li>\n<li>\u00a0\u00a0\u00a0 Alambres<\/li>\n<li>\u00a0\u00a0\u00a0 Bater\u00edas<\/li>\n<li>\u00a0\u00a0\u00a0 Alternadores<\/li>\n<\/ul>\n<p>[\/vc_column_text][\/vc_column_inner][vc_column_inner el_class=\u00bb\u00bb width=\u00bb1\/3&#8243;][vc_column_text]<\/p>\n<ul>\n<li>\u00a0\u00a0 Solenoides<\/li>\n<li>\u00a0\u00a0\u00a0 Interruptores de arranque<\/li>\n<li>\u00a0\u00a0\u00a0 Buj\u00edas Precalentadoras<\/li>\n<li>\u00a0\u00a0\u00a0 Inducido<\/li>\n<li>\u00a0\u00a0\u00a0 Indicadores<\/li>\n<li>\u00a0\u00a0\u00a0 Deshidratador<\/li>\n<li>\u00a0\u00a0\u00a0 Compresor de Aire<\/li>\n<\/ul>\n<p>[\/vc_column_text][\/vc_column_inner][\/vc_row_inner][\/vc_column][\/vc_row]<\/p>\n<\/div>","protected":false},"excerpt":{"rendered":"<p>[vc_row full_width=\u00bb\u00bb parallax=\u00bb\u00bb parallax_image=\u00bb\u00bb][vc_column width=\u00bb1\/2&#8243;][vc_single_image border_color=\u00bbgrey\u00bb img_link_large=\u00bb\u00bb img_link_target=\u00bb_self\u00bb image=\u00bb4965&#8243; img_size=\u00bbfull\u00bb][\/vc_column][vc_column width=\u00bb1\/2&#8243;][vc_column_text] Ofrecemos productos de alta calidad que de fabricantes confiables, serviciales y con m\u00e1s recursos de la industria de piezas de repuesto. Las especificaciones de nuestras piezas cumplen\u00a0 especificaciones de los fabricantes de equipos Vendemos piezas de repuesto de la mejor calidad para los equipos<\/p>\n","protected":false},"author":13,"featured_media":0,"parent":0,"menu_order":0,"comment_status":"open","ping_status":"open","template":"","meta":{"footnotes":""},"class_list":["post-4808","page","type-page","status-publish","hentry"],"aioseo_notices":[],"_links":{"self":[{"href":"https:\/\/tractopart.com\/sp\/wp-json\/wp\/v2\/pages\/4808","targetHints":{"allow":["GET"]}}],"collection":[{"href":"https:\/\/tractopart.com\/sp\/wp-json\/wp\/v2\/pages"}],"about":[{"href":"https:\/\/tractopart.com\/sp\/wp-json\/wp\/v2\/types\/page"}],"author":[{"embeddable":true,"href":"https:\/\/tractopart.com\/sp\/wp-json\/wp\/v2\/users\/13"}],"replies":[{"embeddable":true,"href":"https:\/\/tractopart.com\/sp\/wp-json\/wp\/v2\/comments?post=4808"}],"version-history":[{"count":6,"href":"https:\/\/tractopart.com\/sp\/wp-json\/wp\/v2\/pages\/4808\/revisions"}],"predecessor-version":[{"id":5059,"href":"https:\/\/tractopart.com\/sp\/wp-json\/wp\/v2\/pages\/4808\/revisions\/5059"}],"wp:attachment":[{"href":"https:\/\/tractopart.com\/sp\/wp-json\/wp\/v2\/media?parent=4808"}],"curies":[{"name":"wp","href":"https:\/\/api.w.org\/{rel}","templated":true}]}}