{"id":4802,"date":"2015-08-06T21:12:38","date_gmt":"2015-08-06T21:12:38","guid":{"rendered":"http:\/\/creaxpress.com\/tractopart\/?page_id=4802"},"modified":"2015-08-12T16:51:11","modified_gmt":"2015-08-12T16:51:11","slug":"undercarriage","status":"publish","type":"page","link":"https:\/\/tractopart.com\/sp\/undercarriage\/","title":{"rendered":"Rodaje"},"content":{"rendered":"<div class=\"wpb-content-wrapper\"><p>[vc_row full_width=\u00bb\u00bb parallax=\u00bb\u00bb parallax_image=\u00bb\u00bb][vc_column width=\u00bb1\/2&#8243;][vc_single_image border_color=\u00bbgrey\u00bb img_link_large=\u00bb\u00bb img_link_target=\u00bb_self\u00bb image=\u00bb4886&#8243; img_size=\u00bbfull\u00bb][\/vc_column][vc_column width=\u00bb1\/2&#8243;][vc_column_text]<\/p>\n<div class=\"product-content\">\n<p>Ofrecemos productos de alta calidad que de fabricantes confiables, serviciales y con m\u00e1s recursos de la industria de piezas de repuesto.<\/p>\n<ul>\n<li>Las especificaciones de nuestras piezas cumplen\u00a0 especificaciones de los fabricantes de equipos<\/li>\n<li>Vendemos piezas de repuesto de la mejor calidad para los equipos de construcci\u00f3n<\/li>\n<li>Los mejores proveedores de piezas de repuesto en el mercado de construcci\u00f3n, Mineria, Industrial y Agricola<\/li>\n<li>Nuestro compromiso es ofrecer a nuestros clientes piezas de repuesto nuevas y reconstruidas con la m\u00e1s alta calidad.<\/li>\n<li>Elegimos nuestros proveedores, incluidos muchos fabricantes de equipos originales entre los mejores en la industria de las piezas de repuesto.<\/li>\n<\/ul>\n<\/div>\n<p>[\/vc_column_text][vc_empty_space height=\u00bb20px\u00bb][vc_column_text]<\/p>\n<h3>Los componentes del tren de rodaje trabajan como un sistema integrado para mover la m\u00e1quina en cualquier terreno. La piezas del tren de rodaje, siendo las piezas de m\u00e1s uso en la maquina, constituyen un costo muy alto de reparaci\u00f3n. Las siguientes son piezas del Tren de Rodaje disponibles<\/h3>\n<p>[\/vc_column_text][vc_column_text]<\/p>\n<ul>\n<li>Rodillos Inferiores<\/li>\n<li>Rodillos Superiores<\/li>\n<li>Cadenas<\/li>\n<li>Ruedas Dentadas<\/li>\n<li>Ruedas Gu\u00edas<\/li>\n<li>Resortes para Ajustadores de Carril<\/li>\n<\/ul>\n<p>[\/vc_column_text][\/vc_column][\/vc_row]<\/p>\n<\/div>","protected":false},"excerpt":{"rendered":"<p>[vc_row full_width=\u00bb\u00bb parallax=\u00bb\u00bb parallax_image=\u00bb\u00bb][vc_column width=\u00bb1\/2&#8243;][vc_single_image border_color=\u00bbgrey\u00bb img_link_large=\u00bb\u00bb img_link_target=\u00bb_self\u00bb image=\u00bb4886&#8243; img_size=\u00bbfull\u00bb][\/vc_column][vc_column width=\u00bb1\/2&#8243;][vc_column_text] Ofrecemos productos de alta calidad que de fabricantes confiables, serviciales y con m\u00e1s recursos de la industria de piezas de repuesto. Las especificaciones de nuestras piezas cumplen\u00a0 especificaciones de los fabricantes de equipos Vendemos piezas de repuesto de la mejor calidad para los equipos<\/p>\n","protected":false},"author":13,"featured_media":0,"parent":0,"menu_order":0,"comment_status":"open","ping_status":"open","template":"","meta":{"footnotes":""},"class_list":["post-4802","page","type-page","status-publish","hentry"],"aioseo_notices":[],"_links":{"self":[{"href":"https:\/\/tractopart.com\/sp\/wp-json\/wp\/v2\/pages\/4802","targetHints":{"allow":["GET"]}}],"collection":[{"href":"https:\/\/tractopart.com\/sp\/wp-json\/wp\/v2\/pages"}],"about":[{"href":"https:\/\/tractopart.com\/sp\/wp-json\/wp\/v2\/types\/page"}],"author":[{"embeddable":true,"href":"https:\/\/tractopart.com\/sp\/wp-json\/wp\/v2\/users\/13"}],"replies":[{"embeddable":true,"href":"https:\/\/tractopart.com\/sp\/wp-json\/wp\/v2\/comments?post=4802"}],"version-history":[{"count":5,"href":"https:\/\/tractopart.com\/sp\/wp-json\/wp\/v2\/pages\/4802\/revisions"}],"predecessor-version":[{"id":5057,"href":"https:\/\/tractopart.com\/sp\/wp-json\/wp\/v2\/pages\/4802\/revisions\/5057"}],"wp:attachment":[{"href":"https:\/\/tractopart.com\/sp\/wp-json\/wp\/v2\/media?parent=4802"}],"curies":[{"name":"wp","href":"https:\/\/api.w.org\/{rel}","templated":true}]}}