{"id":4794,"date":"2015-08-06T20:34:35","date_gmt":"2015-08-06T20:34:35","guid":{"rendered":"http:\/\/creaxpress.com\/tractopart\/?page_id=4794"},"modified":"2024-09-27T18:27:49","modified_gmt":"2024-09-27T18:27:49","slug":"hydraulic-parts","status":"publish","type":"page","link":"https:\/\/tractopart.com\/sp\/hydraulic-parts\/","title":{"rendered":"Piezas Hidra\u00falicas"},"content":{"rendered":"<div class=\"wpb-content-wrapper\"><p>[vc_row][vc_column width=\u00bb1\/2&#8243;][vc_single_image image=\u00bb4969&#8243; img_size=\u00bbfull\u00bb][\/vc_column][vc_column width=\u00bb1\/2&#8243;][vc_column_text]<\/p>\n<div class=\"product-content\">\n<p>Ofrecemos productos de alta calidad que de fabricantes confiables, serviciales y con m\u00e1s recursos de la industria de piezas de repuesto.<\/p>\n<ul>\n<li>Las especificaciones de nuestras piezas cumplen\u00a0 especificaciones de los fabricantes de equipos<\/li>\n<li>Vendemos piezas de repuesto de la mejor calidad para los equipos de construcci\u00f3n<\/li>\n<li>Los mejores proveedores de piezas de repuesto en el mercado de construcci\u00f3n, Mineria, Industrial y Agricola<\/li>\n<li>Nuestro compromiso es ofrecer a nuestros clientes piezas de repuesto nuevas y reconstruidas con la m\u00e1s alta calidad.<\/li>\n<li>Elegimos nuestros proveedores, incluidos muchos fabricantes de equipos originales entre los mejores en la industria de las piezas de repuesto.<\/li>\n<\/ul>\n<\/div>\n<p>[\/vc_column_text][vc_empty_space height=\u00bb20px\u00bb][vc_column_text]<\/p>\n<h3>El sistema hidr\u00e1ulico transfiere presi\u00f3n por medio de l\u00edquido para levantar un objeto. La funci\u00f3n del sistema hidr\u00e1ulico es incrementar la fuerza para obtener la potencia necesaria para operar la m\u00e1quina. A continuaci\u00f3n encontrara algunas piezas que tenemos disponibles en Tractopart<\/h3>\n<p>[\/vc_column_text][vc_column_text]<\/p>\n<ul>\n<li>\u00a0\u00a0\u00a0 Cartuchos<\/li>\n<li>\u00a0\u00a0\u00a0 Mangueras y Acoples<\/li>\n<li>\u00a0\u00a0\u00a0 Cilindros y Pistones Hidr\u00e1ulicos<\/li>\n<li>\u00a0\u00a0\u00a0 Bombas Hidr\u00e1ulicas<\/li>\n<li>\u00a0\u00a0\u00a0 Engranajes Hidr\u00e1ulicos<\/li>\n<li>\u00a0\u00a0\u00a0 V\u00e1lvulas Hidr\u00e1ulicas<\/li>\n<li>\u00a0\u00a0\u00a0 Cilindros Hidr\u00e1ulicos<\/li>\n<li>\u00a0\u00a0\u00a0 Sellos Hidr\u00e1ulicos<\/li>\n<li>\u00a0\u00a0\u00a0 Gerotor<\/li>\n<li>\u00a0\u00a0\u00a0 Motores Hidr\u00e1ulicos<\/li>\n<li>\u00a0\u00a0\u00a0 Acoplamientos Hidr\u00e1ulicos<\/li>\n<\/ul>\n<p>[\/vc_column_text][\/vc_column][\/vc_row][vc_row][vc_column][vc_tabs interval=\u00bb0&#8243;][vc_tab title=\u00bbMotor Hydraulico\u00bb tab_id=\u00bb54b90187-078f-5&#8243;][vc_column_text css=\u00bb\u00bb]<\/p>\n<table border=\"1\" width=\"98%\" cellspacing=\"0\" cellpadding=\"3\">\n<tbody>\n<tr bgcolor=\"#000\">\n<td style=\"text-align: center;\"><span style=\"color: #ffffff;\" data-label=\"OEM Part #\">OEM Part #<\/span><\/td>\n<td style=\"text-align: center;\"><span style=\"color: #ffffff;\" data-label=\"Manufacturer(s)\">Manufacturer(s)<\/span><\/td>\n<td style=\"text-align: center;\"><span style=\"color: #ffffff;\" data-label=\"Type\">Type<\/span><\/td>\n<td><\/td>\n<\/tr>\n<tr>\n<td data-label=\"OEM Part #\">MOTOR # M24G3N5DM207480<\/td>\n<td data-label=\"Manufacturer(s)\">DENISON<\/td>\n<td data-label=\"Type\">MOTOR<\/td>\n<td align=\"center\"><a title=\"Request a Price Quote\" href=\"?p=4725\">Request Quote<\/a><\/td>\n<\/tr>\n<tr>\n<td data-label=\"OEM Part #\">MOTOR # M24G3N5D02<\/td>\n<td data-label=\"Manufacturer(s)\">DENISON<\/td>\n<td data-label=\"Type\">MOTOR<\/td>\n<td align=\"center\"><a title=\"Request a Price Quote\" href=\"?p=4725\">Request Quote<\/a><\/td>\n<\/tr>\n<tr>\n<td data-label=\"OEM Part #\">MOTOR # M24G3N5CM206269-5<\/td>\n<td data-label=\"Manufacturer(s)\">DENISON<\/td>\n<td data-label=\"Type\">MOTOR<\/td>\n<td align=\"center\"><a title=\"Request a Price Quote\" href=\"?p=4725\">Request Quote<\/a><\/td>\n<\/tr>\n<tr>\n<td data-label=\"OEM Part #\">MOTOR # M24G3N1D10<\/td>\n<td data-label=\"Manufacturer(s)\">DENISON<\/td>\n<td data-label=\"Type\">MOTOR<\/td>\n<td align=\"center\"><a title=\"Request a Price Quote\" href=\"?p=4725\">Request Quote<\/a><\/td>\n<\/tr>\n<tr>\n<td data-label=\"OEM Part #\">MOTOR # M24G3N1D02NP<\/td>\n<td data-label=\"Manufacturer(s)\">DENISON<\/td>\n<td data-label=\"Type\">MOTOR<\/td>\n<td align=\"center\"><a title=\"Request a Price Quote\" href=\"?p=4725\">Request Quote<\/a><\/td>\n<\/tr>\n<tr>\n<td data-label=\"OEM Part #\">MOTOR # M24G3N1D02M207469<\/td>\n<td data-label=\"Manufacturer(s)\">DENISON<\/td>\n<td data-label=\"Type\">MOTOR<\/td>\n<td align=\"center\"><a title=\"Request a Price Quote\" href=\"?p=4725\">Request Quote<\/a><\/td>\n<\/tr>\n<tr>\n<td data-label=\"OEM Part #\">MOTOR # M24G3N1D02<\/td>\n<td data-label=\"Manufacturer(s)\">DENISON<\/td>\n<td data-label=\"Type\">MOTOR<\/td>\n<td align=\"center\"><a title=\"Request a Price Quote\" href=\"?p=4725\">Request Quote<\/a><\/td>\n<\/tr>\n<tr>\n<td data-label=\"OEM Part #\">MOTOR # M24G3N1D<\/td>\n<td data-label=\"Manufacturer(s)\">DENISON<\/td>\n<td data-label=\"Type\">MOTOR<\/td>\n<td align=\"center\"><a title=\"Request a Price Quote\" href=\"?p=4725\">Request Quote<\/a><\/td>\n<\/tr>\n<tr>\n<td data-label=\"OEM Part #\">MOTOR # M24G3N1C<\/td>\n<td data-label=\"Manufacturer(s)\">DENISON<\/td>\n<td data-label=\"Type\">MOTOR<\/td>\n<td align=\"center\"><a title=\"Request a Price Quote\" href=\"?p=4725\">Request Quote<\/a><\/td>\n<\/tr>\n<tr>\n<td data-label=\"OEM Part #\">MOTOR # M24G3N1C02<\/td>\n<td data-label=\"Manufacturer(s)\">DENISON<\/td>\n<td data-label=\"Type\">MOTOR<\/td>\n<td align=\"center\"><a title=\"Request a Price Quote\" href=\"?p=4725\">Request Quote<\/a><\/td>\n<\/tr>\n<tr>\n<td data-label=\"OEM Part #\">MOTOR # M24G3N1B<\/td>\n<td data-label=\"Manufacturer(s)\">DENISON<\/td>\n<td data-label=\"Type\">MOTOR<\/td>\n<td align=\"center\"><a title=\"Request a Price Quote\" href=\"?p=4725\">Request Quote<\/a><\/td>\n<\/tr>\n<tr>\n<td data-label=\"OEM Part #\">MOTOR # M24G2N1D02M282947<\/td>\n<td data-label=\"Manufacturer(s)\">DENISON<\/td>\n<td data-label=\"Type\">MOTOR<\/td>\n<td align=\"center\"><a title=\"Request a Price Quote\" href=\"?p=4725\">Request Quote<\/a><\/td>\n<\/tr>\n<tr>\n<td data-label=\"OEM Part #\">MOTOR # M24G2N1D12<\/td>\n<td data-label=\"Manufacturer(s)\">DENISON<\/td>\n<td data-label=\"Type\">MOTOR<\/td>\n<td align=\"center\"><a title=\"Request a Price Quote\" href=\"?p=4725\">Request Quote<\/a><\/td>\n<\/tr>\n<tr>\n<td data-label=\"OEM Part #\">MOTOR # M24G2N1D10<\/td>\n<td data-label=\"Manufacturer(s)\">DENISON<\/td>\n<td data-label=\"Type\">MOTOR<\/td>\n<td align=\"center\"><a title=\"Request a Price Quote\" href=\"?p=4725\">Request Quote<\/a><\/td>\n<\/tr>\n<tr>\n<td data-label=\"OEM Part #\">MOTOR # M24G2N1D02M284270<\/td>\n<td data-label=\"Manufacturer(s)\">DENISON<\/td>\n<td data-label=\"Type\">MOTOR<\/td>\n<td align=\"center\"><a title=\"Request a Price Quote\" href=\"?p=4725\">Request Quote<\/a><\/td>\n<\/tr>\n<tr>\n<td data-label=\"OEM Part #\">MOTOR # M24G2N1D02<\/td>\n<td data-label=\"Manufacturer(s)\">DENISON<\/td>\n<td data-label=\"Type\">MOTOR<\/td>\n<td align=\"center\"><a title=\"Request a Price Quote\" href=\"?p=4725\">Request Quote<\/a><\/td>\n<\/tr>\n<tr>\n<td data-label=\"OEM Part #\">MOTOR # M24G2N1D00<\/td>\n<td data-label=\"Manufacturer(s)\">DENISON<\/td>\n<td data-label=\"Type\">MOTOR<\/td>\n<td align=\"center\"><a title=\"Request a Price Quote\" href=\"?p=4725\">Request Quote<\/a><\/td>\n<\/tr>\n<\/tbody>\n<\/table>\n<p>[\/vc_column_text][\/vc_tab][vc_tab title=\u00bbBomba Hydraulica\u00bb tab_id=\u00bbcdd3d95b-d1d9-6&#8243;][vc_column_text css=\u00bb\u00bb]<\/p>\n<table border=\"1\" width=\"98%\" cellspacing=\"0\" cellpadding=\"3\">\n<tbody>\n<tr bgcolor=\"#000\">\n<td style=\"text-align: center;\"><span style=\"color: #ffffff;\" data-label=\"OEM Part #\">OEM Part #<\/span><\/td>\n<td style=\"text-align: center;\"><span style=\"color: #ffffff;\" data-label=\"Manufacturer(s)\">Manufacturer(s)<\/span><\/td>\n<td style=\"text-align: center;\"><span style=\"color: #ffffff;\" data-label=\"Type\">Type<\/span><\/td>\n<td style=\"text-align: center;\"><\/td>\n<\/tr>\n<tr>\n<td data-label=\"OEM Part #\">PUMP # T6EDC0620350171L00A1F1<\/td>\n<td data-label=\"Manufacturer(s)\">DENISON<\/td>\n<td data-label=\"Type\">PUMP<\/td>\n<td align=\"center\"><a title=\"Request a Price Quote\" href=\"?p=4725\">Request Quote<\/a><\/td>\n<\/tr>\n<tr>\n<td data-label=\"OEM Part #\">PUMP # F1031VQ24AS104C21103<\/td>\n<td data-label=\"Manufacturer(s)\">VICKERS \/ EATON<\/td>\n<td data-label=\"Type\">PUMP<\/td>\n<td align=\"center\"><a title=\"Request a Price Quote\" href=\"?p=4725\">Request Quote<\/a><\/td>\n<\/tr>\n<tr>\n<td data-label=\"OEM Part #\">PUMP # T6EDC0620350171R00A1F1<\/td>\n<td data-label=\"Manufacturer(s)\">DENISON<\/td>\n<td data-label=\"Type\">PUMP<\/td>\n<td align=\"center\"><a title=\"Request a Price Quote\" href=\"?p=4725\">Request Quote<\/a><\/td>\n<\/tr>\n<tr>\n<td data-label=\"OEM Part #\">PUMP # T6EDC0620350311R00A1F0<\/td>\n<td data-label=\"Manufacturer(s)\">DENISON<\/td>\n<td data-label=\"Type\">PUMP<\/td>\n<td align=\"center\"><a title=\"Request a Price Quote\" href=\"?p=4725\">Request Quote<\/a><\/td>\n<\/tr>\n<tr>\n<td data-label=\"OEM Part #\">PUMP # T6EDCS052B50B202R00A1F0<\/td>\n<td data-label=\"Manufacturer(s)\">DENISON<\/td>\n<td data-label=\"Type\">PUMP<\/td>\n<td align=\"center\"><a title=\"Request a Price Quote\" href=\"?p=4725\">Request Quote<\/a><\/td>\n<\/tr>\n<tr>\n<td data-label=\"OEM Part #\">PUMP # T6EDM045B351R01C1<\/td>\n<td data-label=\"Manufacturer(s)\">DENISON<\/td>\n<td data-label=\"Type\">PUMP<\/td>\n<td align=\"center\"><a title=\"Request a Price Quote\" href=\"?p=4725\">Request Quote<\/a><\/td>\n<\/tr>\n<tr>\n<td data-label=\"OEM Part #\">PUMP # T6EDM045B451R01C1<\/td>\n<td data-label=\"Manufacturer(s)\">DENISON<\/td>\n<td data-label=\"Type\">PUMP<\/td>\n<td align=\"center\"><a title=\"Request a Price Quote\" href=\"?p=4725\">Request Quote<\/a><\/td>\n<\/tr>\n<tr>\n<td data-label=\"OEM Part #\">PUMP # T6EDM062B383L00C5<\/td>\n<td data-label=\"Manufacturer(s)\">DENISON<\/td>\n<td data-label=\"Type\">PUMP<\/td>\n<td align=\"center\"><a title=\"Request a Price Quote\" href=\"?p=4725\">Request Quote<\/a><\/td>\n<\/tr>\n<tr>\n<td data-label=\"OEM Part #\">PUMP # T6EDM062B453L00C1<\/td>\n<td data-label=\"Manufacturer(s)\">DENISON<\/td>\n<td data-label=\"Type\">PUMP<\/td>\n<td align=\"center\"><a title=\"Request a Price Quote\" href=\"?p=4725\">Request Quote<\/a><\/td>\n<\/tr>\n<tr>\n<td data-label=\"OEM Part #\">PUMP # T6EDM066B421R11C1<\/td>\n<td data-label=\"Manufacturer(s)\">DENISON<\/td>\n<td data-label=\"Type\">PUMP<\/td>\n<td align=\"center\"><a title=\"Request a Price Quote\" href=\"?p=4725\">Request Quote<\/a><\/td>\n<\/tr>\n<tr>\n<td data-label=\"OEM Part #\">PUMP # T6EDM066B451R00C5<\/td>\n<td data-label=\"Manufacturer(s)\">DENISON<\/td>\n<td data-label=\"Type\">PUMP<\/td>\n<td align=\"center\"><a title=\"Request a Price Quote\" href=\"?p=4725\">Request Quote<\/a><\/td>\n<\/tr>\n<tr>\n<td data-label=\"OEM Part #\">PUMP # T6EDM066B451R03C1<\/td>\n<td data-label=\"Manufacturer(s)\">DENISON<\/td>\n<td data-label=\"Type\">PUMP<\/td>\n<td align=\"center\"><a title=\"Request a Price Quote\" href=\"?p=4725\">Request Quote<\/a><\/td>\n<\/tr>\n<tr>\n<td data-label=\"OEM Part #\">PUMP # V104D10<\/td>\n<td data-label=\"Manufacturer(s)\">VICKERS \/ EATON<\/td>\n<td data-label=\"Type\">PUMP<\/td>\n<td align=\"center\"><a title=\"Request a Price Quote\" href=\"?p=4725\">Request Quote<\/a><\/td>\n<\/tr>\n<tr>\n<td data-label=\"OEM Part #\">PUMP # T6EDM072B351R01C1<\/td>\n<td data-label=\"Manufacturer(s)\">DENISON<\/td>\n<td data-label=\"Type\">PUMP<\/td>\n<td align=\"center\"><a title=\"Request a Price Quote\" href=\"?p=4725\">Request Quote<\/a><\/td>\n<\/tr>\n<tr>\n<td data-label=\"OEM Part #\">PUMP # T6EDM072B451R11C1<\/td>\n<td data-label=\"Manufacturer(s)\">DENISON<\/td>\n<td data-label=\"Type\">PUMP<\/td>\n<td align=\"center\"><a title=\"Request a Price Quote\" href=\"?p=4725\">Request Quote<\/a><\/td>\n<\/tr>\n<tr>\n<td data-label=\"OEM Part #\">PUMP # T6EDM072B503L00C1<\/td>\n<td data-label=\"Manufacturer(s)\">DENISON<\/td>\n<td data-label=\"Type\">PUMP<\/td>\n<td align=\"center\"><a title=\"Request a Price Quote\" href=\"?p=4725\">Request Quote<\/a><\/td>\n<\/tr>\n<tr>\n<td data-label=\"OEM Part #\">PUMP # T6EDMR85B141R00C1<\/td>\n<td data-label=\"Manufacturer(s)\">DENISON<\/td>\n<td data-label=\"Type\">PUMP<\/td>\n<td align=\"center\"><a title=\"Request a Price Quote\" href=\"?p=4725\">Request Quote<\/a><\/td>\n<\/tr>\n<tr>\n<td data-label=\"OEM Part #\">PUMP # T6EDMR85B281R00C1<\/td>\n<td data-label=\"Manufacturer(s)\">DENISON<\/td>\n<td data-label=\"Type\">PUMP<\/td>\n<td align=\"center\"><a title=\"Request a Price Quote\" href=\"?p=4725\">Request Quote<\/a><\/td>\n<\/tr>\n<tr>\n<td data-label=\"OEM Part #\">PUMP # T6EM0623R00B1<\/td>\n<td data-label=\"Manufacturer(s)\">DENISON<\/td>\n<td data-label=\"Type\">PUMP<\/td>\n<td align=\"center\"><a title=\"Request a Price Quote\" href=\"?p=4725\">Request Quote<\/a><\/td>\n<\/tr>\n<tr>\n<td data-label=\"OEM Part #\">PUMP # T6ER0501R00B30A1<\/td>\n<td data-label=\"Manufacturer(s)\">DENISON<\/td>\n<td data-label=\"Type\">PUMP<\/td>\n<td align=\"center\"><a title=\"Request a Price Quote\" href=\"?p=4725\">Request Quote<\/a><\/td>\n<\/tr>\n<tr>\n<td data-label=\"OEM Part #\">PUMP # T6ER0521L02B50A5<\/td>\n<td data-label=\"Manufacturer(s)\">DENISON<\/td>\n<td data-label=\"Type\">PUMP<\/td>\n<td align=\"center\"><a title=\"Request a Price Quote\" href=\"?p=4725\">Request Quote<\/a><\/td>\n<\/tr>\n<tr>\n<td data-label=\"OEM Part #\">PUMP # T6ER0521R00C40A1<\/td>\n<td data-label=\"Manufacturer(s)\">DENISON<\/td>\n<td data-label=\"Type\">PUMP<\/td>\n<td align=\"center\"><a title=\"Request a Price Quote\" href=\"?p=4725\">Request Quote<\/a><\/td>\n<\/tr>\n<\/tbody>\n<\/table>\n<p>[\/vc_column_text][\/vc_tab][vc_tab title=\u00bbValvulas Hydraulicas\u00bb tab_id=\u00bb1438893484962-2-1&#8243;][vc_column_text css=\u00bb\u00bb]<\/p>\n<table border=\"1\" width=\"98%\" cellspacing=\"0\" cellpadding=\"3\">\n<tbody>\n<tr bgcolor=\"#000\">\n<td style=\"text-align: center;\"><span style=\"color: #ffffff;\">OEM Part #<\/span><\/td>\n<td style=\"text-align: center;\"><span style=\"color: #ffffff;\">Manufacturer(s)<\/span><\/td>\n<td style=\"text-align: center;\"><span style=\"color: #ffffff;\">Type<\/span><\/td>\n<td style=\"text-align: center;\"><\/td>\n<\/tr>\n<tr>\n<td data-label=\"OEM Part #\">SERVO VALVE # G73-3005<\/td>\n<td data-label=\"Manufacturer(s)\">MOOG<\/td>\n<td data-label=\"Type\">SERVO VALVE<\/td>\n<td align=\"center\"><a title=\"Request a Price Quote\" href=\"?p=4725\">Request Quote<\/a><\/td>\n<\/tr>\n<tr>\n<td data-label=\"OEM Part #\">SERVO VALVE # G631-3004B<\/td>\n<td data-label=\"Manufacturer(s)\">MOOG<\/td>\n<td data-label=\"Type\">SERVO VALVE<\/td>\n<td align=\"center\"><a title=\"Request a Price Quote\" href=\"?p=4725\">Request Quote<\/a><\/td>\n<\/tr>\n<tr>\n<td data-label=\"OEM Part #\">SERVO VALVE # G631-3703B<\/td>\n<td data-label=\"Manufacturer(s)\">MOOG<\/td>\n<td data-label=\"Type\">SERVO VALVE<\/td>\n<td align=\"center\"><a title=\"Request a Price Quote\" href=\"?p=4725\">Request Quote<\/a><\/td>\n<\/tr>\n<tr>\n<td data-label=\"OEM Part #\">SERVO VALVE # G631-3017A<\/td>\n<td data-label=\"Manufacturer(s)\">MOOG<\/td>\n<td data-label=\"Type\">SERVO VALVE<\/td>\n<td align=\"center\"><a title=\"Request a Price Quote\" href=\"?p=4725\">Request Quote<\/a><\/td>\n<\/tr>\n<tr>\n<td data-label=\"OEM Part #\">SERVO VALVE # G761-3968<\/td>\n<td data-label=\"Manufacturer(s)\">MOOG<\/td>\n<td data-label=\"Type\">SERVO VALVE<\/td>\n<td align=\"center\"><a title=\"Request a Price Quote\" href=\"?p=4725\">Request Quote<\/a><\/td>\n<\/tr>\n<tr>\n<td data-label=\"OEM Part #\">SERVO VALVE # G761-3962<\/td>\n<td data-label=\"Manufacturer(s)\">MOOG<\/td>\n<td data-label=\"Type\">SERVO VALVE<\/td>\n<td align=\"center\"><a title=\"Request a Price Quote\" href=\"?p=4725\">Request Quote<\/a><\/td>\n<\/tr>\n<tr>\n<td data-label=\"OEM Part #\">SERVO VALVE # G761-3960<\/td>\n<td data-label=\"Manufacturer(s)\">MOOG<\/td>\n<td data-label=\"Type\">SERVO VALVE<\/td>\n<td align=\"center\"><a title=\"Request a Price Quote\" href=\"?p=4725\">Request Quote<\/a><\/td>\n<\/tr>\n<tr>\n<td data-label=\"OEM Part #\">SERVO VALVE # G761-3603<\/td>\n<td data-label=\"Manufacturer(s)\">MOOG<\/td>\n<td data-label=\"Type\">SERVO VALVE<\/td>\n<td align=\"center\"><a title=\"Request a Price Quote\" href=\"?p=4725\">Request Quote<\/a><\/td>\n<\/tr>\n<tr>\n<td data-label=\"OEM Part #\">SERVO VALVE # G761-3600<\/td>\n<td data-label=\"Manufacturer(s)\">MOOG<\/td>\n<td data-label=\"Type\">SERVO VALVE<\/td>\n<td align=\"center\"><a title=\"Request a Price Quote\" href=\"?p=4725\">Request Quote<\/a><\/td>\n<\/tr>\n<tr>\n<td data-label=\"OEM Part #\">SERVO VALVE # G761-3564<\/td>\n<td data-label=\"Manufacturer(s)\">MOOG<\/td>\n<td data-label=\"Type\">SERVO VALVE<\/td>\n<td align=\"center\"><a title=\"Request a Price Quote\" href=\"?p=4725\">Request Quote<\/a><\/td>\n<\/tr>\n<tr>\n<td data-label=\"OEM Part #\">SERVO VALVE # G761-3563<\/td>\n<td data-label=\"Manufacturer(s)\">MOOG<\/td>\n<td data-label=\"Type\">SERVO VALVE<\/td>\n<td align=\"center\"><a title=\"Request a Price Quote\" href=\"?p=4725\">Request Quote<\/a><\/td>\n<\/tr>\n<tr>\n<td data-label=\"OEM Part #\">SERVO VALVE # G761-3562<\/td>\n<td data-label=\"Manufacturer(s)\">MOOG<\/td>\n<td data-label=\"Type\">SERVO VALVE<\/td>\n<td align=\"center\"><a title=\"Request a Price Quote\" href=\"?p=4725\">Request Quote<\/a><\/td>\n<\/tr>\n<tr>\n<td data-label=\"OEM Part #\">SERVO VALVE # G761-3561<\/td>\n<td data-label=\"Manufacturer(s)\">MOOG<\/td>\n<td data-label=\"Type\">SERVO VALVE<\/td>\n<td align=\"center\"><a title=\"Request a Price Quote\" href=\"?p=4725\">Request Quote<\/a><\/td>\n<\/tr>\n<tr>\n<td data-label=\"OEM Part #\">SERVO VALVE # G761-3560<\/td>\n<td data-label=\"Manufacturer(s)\">MOOG<\/td>\n<td data-label=\"Type\">SERVO VALVE<\/td>\n<td align=\"center\"><a title=\"Request a Price Quote\" href=\"?p=4725\">Request Quote<\/a><\/td>\n<\/tr>\n<tr>\n<td data-label=\"OEM Part #\">SERVO VALVE # G761-3504X<\/td>\n<td data-label=\"Manufacturer(s)\">MOOG<\/td>\n<td data-label=\"Type\">SERVO VALVE<\/td>\n<td align=\"center\"><a title=\"Request a Price Quote\" href=\"?p=4725\">Request Quote<\/a><\/td>\n<\/tr>\n<tr>\n<td data-label=\"OEM Part #\">SERVO VALVE # G761-3504<\/td>\n<td data-label=\"Manufacturer(s)\">MOOG<\/td>\n<td data-label=\"Type\">SERVO VALVE<\/td>\n<td align=\"center\"><a title=\"Request a Price Quote\" href=\"?p=4725\">Request Quote<\/a><\/td>\n<\/tr>\n<tr>\n<td data-label=\"OEM Part #\">SERVO VALVE # G761-3264<\/td>\n<td data-label=\"Manufacturer(s)\">MOOG<\/td>\n<td data-label=\"Type\">SERVO VALVE<\/td>\n<td align=\"center\"><a title=\"Request a Price Quote\" href=\"?p=4725\">Request Quote<\/a><\/td>\n<\/tr>\n<tr>\n<td data-label=\"OEM Part #\">SERVO VALVE # G761-3263<\/td>\n<td data-label=\"Manufacturer(s)\">MOOG<\/td>\n<td data-label=\"Type\">SERVO VALVE<\/td>\n<td align=\"center\"><a title=\"Request a Price Quote\" href=\"?p=4725\">Request Quote<\/a><\/td>\n<\/tr>\n<\/tbody>\n<\/table>\n<p>[\/vc_column_text][\/vc_tab][\/vc_tabs][\/vc_column][\/vc_row]<\/p>\n<\/div>","protected":false},"excerpt":{"rendered":"<p>[vc_row][vc_column width=\u00bb1\/2&#8243;][vc_single_image image=\u00bb4969&#8243; img_size=\u00bbfull\u00bb][\/vc_column][vc_column width=\u00bb1\/2&#8243;][vc_column_text] Ofrecemos productos de alta calidad que de fabricantes confiables, serviciales y con m\u00e1s recursos de la industria de piezas de repuesto. Las especificaciones de nuestras piezas cumplen\u00a0 especificaciones de los fabricantes de equipos Vendemos piezas de repuesto de la mejor calidad para los equipos de construcci\u00f3n Los mejores proveedores de<\/p>\n","protected":false},"author":13,"featured_media":0,"parent":0,"menu_order":0,"comment_status":"open","ping_status":"open","template":"","meta":{"footnotes":""},"class_list":["post-4794","page","type-page","status-publish","hentry"],"aioseo_notices":[],"_links":{"self":[{"href":"https:\/\/tractopart.com\/sp\/wp-json\/wp\/v2\/pages\/4794","targetHints":{"allow":["GET"]}}],"collection":[{"href":"https:\/\/tractopart.com\/sp\/wp-json\/wp\/v2\/pages"}],"about":[{"href":"https:\/\/tractopart.com\/sp\/wp-json\/wp\/v2\/types\/page"}],"author":[{"embeddable":true,"href":"https:\/\/tractopart.com\/sp\/wp-json\/wp\/v2\/users\/13"}],"replies":[{"embeddable":true,"href":"https:\/\/tractopart.com\/sp\/wp-json\/wp\/v2\/comments?post=4794"}],"version-history":[{"count":12,"href":"https:\/\/tractopart.com\/sp\/wp-json\/wp\/v2\/pages\/4794\/revisions"}],"predecessor-version":[{"id":13161,"href":"https:\/\/tractopart.com\/sp\/wp-json\/wp\/v2\/pages\/4794\/revisions\/13161"}],"wp:attachment":[{"href":"https:\/\/tractopart.com\/sp\/wp-json\/wp\/v2\/media?parent=4794"}],"curies":[{"name":"wp","href":"https:\/\/api.w.org\/{rel}","templated":true}]}}