{"id":4774,"date":"2015-08-06T19:13:49","date_gmt":"2015-08-06T19:13:49","guid":{"rendered":"http:\/\/creaxpress.com\/tractopart\/?page_id=4774"},"modified":"2015-08-12T17:00:29","modified_gmt":"2015-08-12T17:00:29","slug":"cooling-system","status":"publish","type":"page","link":"https:\/\/tractopart.com\/sp\/cooling-system\/","title":{"rendered":"Sistema de Enfriamiento"},"content":{"rendered":"<div class=\"wpb-content-wrapper\"><p>[vc_row full_width=\u00bb\u00bb parallax=\u00bb\u00bb parallax_image=\u00bb\u00bb][vc_column width=\u00bb1\/2&#8243;][vc_single_image border_color=\u00bbgrey\u00bb img_link_large=\u00bb\u00bb img_link_target=\u00bb_self\u00bb image=\u00bb4775&#8243; img_size=\u00bbfull\u00bb][\/vc_column][vc_column width=\u00bb1\/2&#8243;][vc_column_text]Ofrecemos productos de alta calidad que de fabricantes confiables, serviciales y con m\u00e1s recursos de la industria de piezas de repuesto.<\/p>\n<ul>\n<li>Las especificaciones de nuestras piezas cumplen\u00a0 especificaciones de los fabricantes de equipos<\/li>\n<li>Vendemos piezas de repuesto de la mejor calidad para los equipos de construcci\u00f3n<\/li>\n<li>Los mejores proveedores de piezas de repuesto en el mercado de construcci\u00f3n, Mineria, Industrial y Agricola<\/li>\n<li>Nuestro compromiso es ofrecer a nuestros clientes piezas de repuesto nuevas y reconstruidas con la m\u00e1s alta calidad.<\/li>\n<li>Elegimos nuestros proveedores, incluidos muchos fabricantes de equipos originales entre los mejores en la industria de las piezas de repuesto.<\/li>\n<\/ul>\n<div id=\"gt-res-wrap\">\n<div id=\"gt-res-content\">\n<div dir=\"ltr\">\n<p>La funci\u00f3n principal del sistema de refrigeraci\u00f3n consiste en eliminar el exceso de calor del motor. Los componentes del sistema de refrigeraci\u00f3n Tracto Part est\u00e1n dise\u00f1ados para controlar que el motor de la m\u00e1quina funcione a una temperatura eficiente en todo momento. A continuaci\u00f3n encontrara algunas de l sistema de refrigeraci\u00f3n que tenemos:<\/p>\n<ul>\n<li>\u00a0\u00a0\u00a0 Ventiladores Est\u00e1ndar<\/li>\n<li>\u00a0\u00a0\u00a0 Ventiladores reversibles<\/li>\n<li>\u00a0\u00a0\u00a0 Radiadores<\/li>\n<li>\u00a0\u00a0\u00a0 Piezas para Radiadores<\/li>\n<li>\u00a0\u00a0\u00a0 Core Assemblies<\/li>\n<li>\u00a0\u00a0\u00a0 Bombas de Agua<\/li>\n<li>\u00a0\u00a0\u00a0 Termostatos<\/li>\n<\/ul>\n<\/div>\n<\/div>\n<\/div>\n<p>[\/vc_column_text][\/vc_column][\/vc_row][vc_row full_width=\u00bb\u00bb parallax=\u00bb\u00bb parallax_image=\u00bb\u00bb][vc_column width=\u00bb1\/1&#8243;][\/vc_column][\/vc_row]<\/p>\n<\/div>","protected":false},"excerpt":{"rendered":"<p>[vc_row full_width=\u00bb\u00bb parallax=\u00bb\u00bb parallax_image=\u00bb\u00bb][vc_column width=\u00bb1\/2&#8243;][vc_single_image border_color=\u00bbgrey\u00bb img_link_large=\u00bb\u00bb img_link_target=\u00bb_self\u00bb image=\u00bb4775&#8243; img_size=\u00bbfull\u00bb][\/vc_column][vc_column width=\u00bb1\/2&#8243;][vc_column_text]Ofrecemos productos de alta calidad que de fabricantes confiables, serviciales y con m\u00e1s recursos de la industria de piezas de repuesto. Las especificaciones de nuestras piezas cumplen\u00a0 especificaciones de los fabricantes de equipos Vendemos piezas de repuesto de la mejor calidad para los equipos de<\/p>\n","protected":false},"author":13,"featured_media":0,"parent":0,"menu_order":0,"comment_status":"open","ping_status":"open","template":"","meta":{"footnotes":""},"class_list":["post-4774","page","type-page","status-publish","hentry"],"aioseo_notices":[],"_links":{"self":[{"href":"https:\/\/tractopart.com\/sp\/wp-json\/wp\/v2\/pages\/4774","targetHints":{"allow":["GET"]}}],"collection":[{"href":"https:\/\/tractopart.com\/sp\/wp-json\/wp\/v2\/pages"}],"about":[{"href":"https:\/\/tractopart.com\/sp\/wp-json\/wp\/v2\/types\/page"}],"author":[{"embeddable":true,"href":"https:\/\/tractopart.com\/sp\/wp-json\/wp\/v2\/users\/13"}],"replies":[{"embeddable":true,"href":"https:\/\/tractopart.com\/sp\/wp-json\/wp\/v2\/comments?post=4774"}],"version-history":[{"count":5,"href":"https:\/\/tractopart.com\/sp\/wp-json\/wp\/v2\/pages\/4774\/revisions"}],"predecessor-version":[{"id":5060,"href":"https:\/\/tractopart.com\/sp\/wp-json\/wp\/v2\/pages\/4774\/revisions\/5060"}],"wp:attachment":[{"href":"https:\/\/tractopart.com\/sp\/wp-json\/wp\/v2\/media?parent=4774"}],"curies":[{"name":"wp","href":"https:\/\/api.w.org\/{rel}","templated":true}]}}