{"id":4752,"date":"2015-08-06T18:02:17","date_gmt":"2015-08-06T18:02:17","guid":{"rendered":"http:\/\/creaxpress.com\/tractopart\/?page_id=4752"},"modified":"2015-08-12T02:32:08","modified_gmt":"2015-08-12T02:32:08","slug":"doosan","status":"publish","type":"page","link":"https:\/\/tractopart.com\/sp\/doosan\/","title":{"rendered":"Doosan"},"content":{"rendered":"<div class=\"wpb-content-wrapper\"><p>[vc_row full_width=\u00bb\u00bb parallax=\u00bb\u00bb parallax_image=\u00bb\u00bb][vc_column width=\u00bb1\/2&#8243;][vc_single_image border_color=\u00bbgrey\u00bb img_link_large=\u00bb\u00bb img_link_target=\u00bb_self\u00bb image=\u00bb4753&#8243; img_size=\u00bbfull\u00bb][\/vc_column][vc_column width=\u00bb1\/2&#8243;][vc_column_text]Ofrecemos una gran variedad de piezas originales Doosan ,reconstruidas Doosan y usadas con garantia en equipo pesado Doosan miami y piezas industriales para satisfacer sus necesidades,Tenemos a\u00f1os de experiencia de ser una fuente valiosa de piezas de construcci\u00f3n Doosan<\/p>\n<p>En Tractopart no s\u00f3lo ofrecemos piezas de motor Doosan si no un gran surtido de Bombas hydraulicas Doosan en miami y toda la gama de Doosan equipo pesado en Miami ofreciendo un excelente, servicio de ahorro y el respaldo que usted necesita para obtener sus \u00f3rdenes r\u00e1pida y eficientemente con nuestro servicio puerta a puerta a su destino<\/p>\n<p>Tracto Part puede ayudarle a encontrar las piezas Doosan en miami que usted est\u00e1 buscando, entre ellas: bombas hidr\u00e1ulicas Doosan, mandos finales, engranajes oscilaci\u00f3n, cilindros hidr\u00e1ulicos, piezas de tren de rodaje, y m\u00e1s. Podemos ayudarle a ahorrar, as\u00ed como proporciona y garant\u00eda l\u00edder en la industria.[\/vc_column_text][vc_empty_space height=\u00bb20px\u00bb][vc_column_text]<\/p>\n<h3>Ll\u00e1menos ahora o rellene las partes solicitanen en el formulario y estaremos encantados de ayudar a proporcionar las partes para su excavadora Doosan para mantener su m\u00e1quina en funcionamiento.<\/h3>\n<h1>Nuestro inventario est\u00e1 siempre cambiando, as\u00ed que si usted no ve la parte Kobelco que usted est\u00e1 buscando, por favor ll\u00e1menos.<\/h1>\n<p>[\/vc_column_text][vc_empty_space height=\u00bb20px\u00bb][vc_column_text]V, Solar 400LC-V, Solar 420LC-V, Solar 450LC-V, Solar 470LC-V, Solar 500LC-V<br \/>\nDX140LC, DX180LC, DX210, DX225LC, DX225LCA, DX225NLC, DX230LC, DX255LC, DX300LC, DX300LCA, DX340LC, DX340LCA, DX350LC, DX380LC, DX420LC, DX4280LC, DX480LCA, DX500LCA, DX520LC, DX700LC, DX140LC-3, DX180LC-3, DX225LC-3, DX255LC-3, DX300LC-3, DX340LC-3, DX350LC-3, DX380LC-3, DX420LC-3, DX490LC-3, DX530LC-3, Mega 200, 250 Mega, Mega 300, Mega 400, DL200, DL250, DL300, DL400, DL500[\/vc_column_text][\/vc_column][\/vc_row][vc_row full_width=\u00bb\u00bb parallax=\u00bb\u00bb parallax_image=\u00bb\u00bb][vc_column width=\u00bb1\/1&#8243;][\/vc_column][\/vc_row]<\/p>\n<\/div>","protected":false},"excerpt":{"rendered":"<p>[vc_row full_width=\u00bb\u00bb parallax=\u00bb\u00bb parallax_image=\u00bb\u00bb][vc_column width=\u00bb1\/2&#8243;][vc_single_image border_color=\u00bbgrey\u00bb img_link_large=\u00bb\u00bb img_link_target=\u00bb_self\u00bb image=\u00bb4753&#8243; img_size=\u00bbfull\u00bb][\/vc_column][vc_column width=\u00bb1\/2&#8243;][vc_column_text]Ofrecemos una gran variedad de piezas originales Doosan ,reconstruidas Doosan y usadas con garantia en equipo pesado Doosan miami y piezas industriales para satisfacer sus necesidades,Tenemos a\u00f1os de experiencia de ser una fuente valiosa de piezas de construcci\u00f3n Doosan En Tractopart no s\u00f3lo ofrecemos piezas<\/p>\n","protected":false},"author":13,"featured_media":0,"parent":0,"menu_order":0,"comment_status":"open","ping_status":"open","template":"","meta":{"footnotes":""},"class_list":["post-4752","page","type-page","status-publish","hentry"],"aioseo_notices":[],"_links":{"self":[{"href":"https:\/\/tractopart.com\/sp\/wp-json\/wp\/v2\/pages\/4752","targetHints":{"allow":["GET"]}}],"collection":[{"href":"https:\/\/tractopart.com\/sp\/wp-json\/wp\/v2\/pages"}],"about":[{"href":"https:\/\/tractopart.com\/sp\/wp-json\/wp\/v2\/types\/page"}],"author":[{"embeddable":true,"href":"https:\/\/tractopart.com\/sp\/wp-json\/wp\/v2\/users\/13"}],"replies":[{"embeddable":true,"href":"https:\/\/tractopart.com\/sp\/wp-json\/wp\/v2\/comments?post=4752"}],"version-history":[{"count":5,"href":"https:\/\/tractopart.com\/sp\/wp-json\/wp\/v2\/pages\/4752\/revisions"}],"predecessor-version":[{"id":5028,"href":"https:\/\/tractopart.com\/sp\/wp-json\/wp\/v2\/pages\/4752\/revisions\/5028"}],"wp:attachment":[{"href":"https:\/\/tractopart.com\/sp\/wp-json\/wp\/v2\/media?parent=4752"}],"curies":[{"name":"wp","href":"https:\/\/api.w.org\/{rel}","templated":true}]}}