{"id":4749,"date":"2015-08-06T17:55:55","date_gmt":"2015-08-06T17:55:55","guid":{"rendered":"http:\/\/creaxpress.com\/tractopart\/?page_id=4749"},"modified":"2015-08-12T15:18:19","modified_gmt":"2015-08-12T15:18:19","slug":"kobelco","status":"publish","type":"page","link":"https:\/\/tractopart.com\/sp\/kobelco\/","title":{"rendered":"Kobelco"},"content":{"rendered":"<div class=\"wpb-content-wrapper\"><p>[vc_row full_width=\u00bb\u00bb parallax=\u00bb\u00bb parallax_image=\u00bb\u00bb][vc_column width=\u00bb1\/2&#8243;][vc_single_image border_color=\u00bbgrey\u00bb img_link_large=\u00bb\u00bb img_link_target=\u00bb_self\u00bb image=\u00bb4896&#8243; img_size=\u00bbfull\u00bb][\/vc_column][vc_column width=\u00bb1\/2&#8243;][vc_column_text]Disponemos de una gran selecci\u00f3n de, repuestos Kobelco , Reemplazo y de piezas de construcci\u00f3n reconstruidas para adaptarse a su equipo pesado kobelco en Miami , nuestros repuestos nuevos y usados Jhon Deere se ajustan a sus necesidades, Tenemos piezas de construcci\u00f3n para satisfacer sus excavadora kobelco , cargadoras de pista y m\u00e1s. Tenemos a\u00f1os de experiencia de ser una fuente de partes kobelco repuestos de equipos pesados, Llevamos y suministramos una amplia gama de repuestos de construcci\u00f3n kobelco como motores hydraulicos para kobelco tren de aterrizaje partes para retroexcavadora kobelco y todo lo relacionado cilindros hydraulicos kobelco entre otros<\/p>\n<p>Haga que Tracto Part sea el recurso de repuestos de construcci\u00f3n kobelco en Miami piezas reacondicionadas, reconstruidas, nuevo y usado en repuestos Kobelco o podemos acceder a ellos a trav\u00e9s de nuestra red de socios. Tracto Part se asegura de nuestros equipos de servicio al mostrar nuestros valores fundamentales de compromiso, la comunicaci\u00f3n, la experiencia y hacer de la primera llamada telef\u00f3nica a la \u00faltima decisi\u00f3n de confianza.<\/p>\n<p>ofreciendo un servicio excelente, el ahorro y el apoyo que necesita para conseguir sus pedidos de forma r\u00e1pida y eficiente con nuestro servicio puerta a puerta a su destino[\/vc_column_text][vc_empty_space height=\u00bb20px\u00bb][vc_column_text]<\/p>\n<h1>Nuestro inventario est\u00e1 siempre cambiando, as\u00ed que si usted no ve la parte Kobelco que usted est\u00e1 buscando, por favor ll\u00e1menos.<\/h1>\n<p>[\/vc_column_text][\/vc_column][\/vc_row][vc_row full_width=\u00bb\u00bb parallax=\u00bb\u00bb parallax_image=\u00bb\u00bb][vc_column width=\u00bb1\/2&#8243;][vc_column_text]<\/p>\n<table width=\"520\">\n<tbody>\n<tr>\n<td>13SR<\/td>\n<td>CKE2500<\/td>\n<td>SK70SR<\/td>\n<td>SK220 LC III<\/td>\n<\/tr>\n<tr>\n<td>17SR-3<\/td>\n<td>CKE2500-2<\/td>\n<td>SK80CS<\/td>\n<td>SK220 LC IV<\/td>\n<\/tr>\n<tr>\n<td>25\u00d736<\/td>\n<td>CKE4000C<\/td>\n<td>SK80CS-1E<\/td>\n<td>SK220 LC DYNAMIC ACERA<\/td>\n<\/tr>\n<tr>\n<td>25SR<\/td>\n<td>ED150 BLADERUNNER<\/td>\n<td>SK80MSR<\/td>\n<td>SK235SR<\/td>\n<\/tr>\n<tr>\n<td>30\u00d742<\/td>\n<td>ED150-1E BLADERUNNER<\/td>\n<td>SK80SR<\/td>\n<td>SK235SR LC<\/td>\n<\/tr>\n<\/tbody>\n<\/table>\n<p>[\/vc_column_text][\/vc_column][vc_column width=\u00bb1\/2&#8243;][vc_column_text]<\/p>\n<table width=\"520\">\n<tbody>\n<tr>\n<td>30SR-3<\/td>\n<td>ED190 BLADERUNNER<\/td>\n<td>SK100 LC IV<\/td>\n<td>SK250<\/td>\n<\/tr>\n<tr>\n<td>35SR<\/td>\n<td>ED195 BLADERUNNER<\/td>\n<td>SK115<\/td>\n<td>SK250 LC IV<\/td>\n<\/tr>\n<tr>\n<td>35SR-2<\/td>\n<td>K904 II<\/td>\n<td>SK115DZ IV<\/td>\n<td>SK250 LC V<\/td>\n<\/tr>\n<tr>\n<td>35SR-3<\/td>\n<td>K907<\/td>\n<td>SK115DZ LC IV<\/td>\n<td>SK250 LC-6<\/td>\n<\/tr>\n<tr>\n<td>45SR-2<\/td>\n<td>K907 LC<\/td>\n<td>SK115SR<\/td>\n<td>SK250 LC DYNAMIC ACERA<\/td>\n<\/tr>\n<\/tbody>\n<\/table>\n<p>[\/vc_column_text][\/vc_column][\/vc_row]<\/p>\n<\/div>","protected":false},"excerpt":{"rendered":"<p>[vc_row full_width=\u00bb\u00bb parallax=\u00bb\u00bb parallax_image=\u00bb\u00bb][vc_column width=\u00bb1\/2&#8243;][vc_single_image border_color=\u00bbgrey\u00bb img_link_large=\u00bb\u00bb img_link_target=\u00bb_self\u00bb image=\u00bb4896&#8243; img_size=\u00bbfull\u00bb][\/vc_column][vc_column width=\u00bb1\/2&#8243;][vc_column_text]Disponemos de una gran selecci\u00f3n de, repuestos Kobelco , Reemplazo y de piezas de construcci\u00f3n reconstruidas para adaptarse a su equipo pesado kobelco en Miami , nuestros repuestos nuevos y usados Jhon Deere se ajustan a sus necesidades, Tenemos piezas de construcci\u00f3n para satisfacer sus<\/p>\n","protected":false},"author":13,"featured_media":0,"parent":0,"menu_order":0,"comment_status":"open","ping_status":"open","template":"","meta":{"footnotes":""},"class_list":["post-4749","page","type-page","status-publish","hentry"],"aioseo_notices":[],"_links":{"self":[{"href":"https:\/\/tractopart.com\/sp\/wp-json\/wp\/v2\/pages\/4749","targetHints":{"allow":["GET"]}}],"collection":[{"href":"https:\/\/tractopart.com\/sp\/wp-json\/wp\/v2\/pages"}],"about":[{"href":"https:\/\/tractopart.com\/sp\/wp-json\/wp\/v2\/types\/page"}],"author":[{"embeddable":true,"href":"https:\/\/tractopart.com\/sp\/wp-json\/wp\/v2\/users\/13"}],"replies":[{"embeddable":true,"href":"https:\/\/tractopart.com\/sp\/wp-json\/wp\/v2\/comments?post=4749"}],"version-history":[{"count":10,"href":"https:\/\/tractopart.com\/sp\/wp-json\/wp\/v2\/pages\/4749\/revisions"}],"predecessor-version":[{"id":5041,"href":"https:\/\/tractopart.com\/sp\/wp-json\/wp\/v2\/pages\/4749\/revisions\/5041"}],"wp:attachment":[{"href":"https:\/\/tractopart.com\/sp\/wp-json\/wp\/v2\/media?parent=4749"}],"curies":[{"name":"wp","href":"https:\/\/api.w.org\/{rel}","templated":true}]}}