{"id":4744,"date":"2015-08-06T17:45:33","date_gmt":"2015-08-06T17:45:33","guid":{"rendered":"http:\/\/creaxpress.com\/tractopart\/?page_id=4744"},"modified":"2015-08-12T02:18:20","modified_gmt":"2015-08-12T02:18:20","slug":"volvo","status":"publish","type":"page","link":"https:\/\/tractopart.com\/sp\/volvo\/","title":{"rendered":"Volvo"},"content":{"rendered":"<div class=\"wpb-content-wrapper\"><p>[vc_row full_width=\u00bb\u00bb parallax=\u00bb\u00bb parallax_image=\u00bb\u00bb][vc_column width=\u00bb1\/2&#8243;][vc_single_image border_color=\u00bbgrey\u00bb img_link_large=\u00bb\u00bb img_link_target=\u00bb_self\u00bb image=\u00bb4957&#8243; img_size=\u00bbfull\u00bb][\/vc_column][vc_column width=\u00bb1\/2&#8243;][vc_column_text]Tracto Part puede ayudarle a encontrar las piezas de equipos pesados Volvo en Miami que usted est\u00e1 buscando, entre ellas: bombas hidr\u00e1ulicas, mandos finales, engranajes oscilaci\u00f3n, cilindros hidr\u00e1ulicos, piezas de tren de rodaje, y m\u00e1s. Podemos ayudarle a ahorrar, as\u00ed como proporciona y garant\u00eda l\u00edder en la industria. Ll\u00e1menos ahora o rellene las partes solicitanen en el formulario y estaremos encantados de ayudar a proporcionar las partes para su excavadora Volvo para mantener su m\u00e1quina en funcionamiento.<\/p>\n<p>\u00bfPor qu\u00e9 elegir Tracto Part porque tenemos a su dispocision Piezas de construcci\u00f3n por mas de 100.000 pies cuadrados de piezas usadas y reacondicionadas para su equipo Volvo y otros fabricantes<br \/>\nl\u00edderes? Almacenamos y vendemos a un precio que puede pagar con la seguridad a\u00f1adida de nuestra garant\u00eda de ejecuci\u00f3n.<br \/>\n[\/vc_column_text][vc_empty_space height=\u00bb20px\u00bb][vc_column_text]<\/p>\n<h3>ofreciendo un servicio excelente, el ahorro y el apoyo que necesita para conseguir sus pedidos de forma r\u00e1pida y eficiente con nuestro servicio puerta a puerta a su destino<\/h3>\n<p>[\/vc_column_text][vc_column_text]Unidades de Swing<br \/>\nDiferenciales<br \/>\nTransmisiones<br \/>\nMandos finales<br \/>\nCoronas giratorias<br \/>\nTrack Asambleas de primavera<br \/>\nAsambleas Cab<br \/>\nmotores<br \/>\n[\/vc_column_text][vc_empty_space height=\u00bb20px\u00bb][\/vc_column][\/vc_row][vc_row full_width=\u00bb\u00bb parallax=\u00bb\u00bb parallax_image=\u00bb\u00bb][vc_column width=\u00bb1\/1&#8243;][vc_column_text]<\/p>\n<h1>Nuestro inventario est\u00e1 siempre cambiando, as\u00ed que si usted no ve la parte Volvo que usted est\u00e1 buscando, por favor ll\u00e1menos.<\/h1>\n<p>[\/vc_column_text][\/vc_column][\/vc_row]<\/p>\n<\/div>","protected":false},"excerpt":{"rendered":"<p>[vc_row full_width=\u00bb\u00bb parallax=\u00bb\u00bb parallax_image=\u00bb\u00bb][vc_column width=\u00bb1\/2&#8243;][vc_single_image border_color=\u00bbgrey\u00bb img_link_large=\u00bb\u00bb img_link_target=\u00bb_self\u00bb image=\u00bb4957&#8243; img_size=\u00bbfull\u00bb][\/vc_column][vc_column width=\u00bb1\/2&#8243;][vc_column_text]Tracto Part puede ayudarle a encontrar las piezas de equipos pesados Volvo en Miami que usted est\u00e1 buscando, entre ellas: bombas hidr\u00e1ulicas, mandos finales, engranajes oscilaci\u00f3n, cilindros hidr\u00e1ulicos, piezas de tren de rodaje, y m\u00e1s. Podemos ayudarle a ahorrar, as\u00ed como proporciona y garant\u00eda l\u00edder<\/p>\n","protected":false},"author":13,"featured_media":0,"parent":0,"menu_order":0,"comment_status":"open","ping_status":"open","template":"","meta":{"footnotes":""},"class_list":["post-4744","page","type-page","status-publish","hentry"],"aioseo_notices":[],"_links":{"self":[{"href":"https:\/\/tractopart.com\/sp\/wp-json\/wp\/v2\/pages\/4744","targetHints":{"allow":["GET"]}}],"collection":[{"href":"https:\/\/tractopart.com\/sp\/wp-json\/wp\/v2\/pages"}],"about":[{"href":"https:\/\/tractopart.com\/sp\/wp-json\/wp\/v2\/types\/page"}],"author":[{"embeddable":true,"href":"https:\/\/tractopart.com\/sp\/wp-json\/wp\/v2\/users\/13"}],"replies":[{"embeddable":true,"href":"https:\/\/tractopart.com\/sp\/wp-json\/wp\/v2\/comments?post=4744"}],"version-history":[{"count":7,"href":"https:\/\/tractopart.com\/sp\/wp-json\/wp\/v2\/pages\/4744\/revisions"}],"predecessor-version":[{"id":5025,"href":"https:\/\/tractopart.com\/sp\/wp-json\/wp\/v2\/pages\/4744\/revisions\/5025"}],"wp:attachment":[{"href":"https:\/\/tractopart.com\/sp\/wp-json\/wp\/v2\/media?parent=4744"}],"curies":[{"name":"wp","href":"https:\/\/api.w.org\/{rel}","templated":true}]}}