{"id":4742,"date":"2015-08-06T17:39:14","date_gmt":"2015-08-06T17:39:14","guid":{"rendered":"http:\/\/creaxpress.com\/tractopart\/?page_id=4742"},"modified":"2015-08-12T15:33:09","modified_gmt":"2015-08-12T15:33:09","slug":"case","status":"publish","type":"page","link":"https:\/\/tractopart.com\/sp\/case\/","title":{"rendered":"Case"},"content":{"rendered":"<div class=\"wpb-content-wrapper\"><p>[vc_row full_width=\u00bb\u00bb parallax=\u00bb\u00bb parallax_image=\u00bb\u00bb][vc_column width=\u00bb1\/2&#8243;][vc_single_image border_color=\u00bbgrey\u00bb img_link_large=\u00bb\u00bb img_link_target=\u00bb_self\u00bb image=\u00bb4898&#8243; img_size=\u00bbfull\u00bb][\/vc_column][vc_column width=\u00bb1\/2&#8243;][vc_column_text]Haga que Tracto Part sea el recurso de repuestos de construcci\u00f3n Case en equipos pesado en Miami piezas reacondicionadas, reconstruidas, nuevo y usado en repuestos Case o podemos acceder a ellos a trav\u00e9s de nuestra red de socios. Tracto Part se asegura de nuestros equipos de servicio al mostrar nuestros valores fundamentales de compromiso, la comunicaci\u00f3n, la experiencia y hacer de la primera llamada telef\u00f3nica a la \u00faltima decisi\u00f3n de confianza.<\/p>\n<p>Ofreciendo un servicio excelente, el ahorro y el apoyo que necesita para conseguir sus pedidos de forma r\u00e1pida y eficiente con nuestro servicio puerta a puerta a su destino[\/vc_column_text][vc_empty_space height=\u00bb20px\u00bb][vc_column_text]<\/p>\n<h1>Llame para encontrar piezas nuevas, reacondicionadas o usadas que apenas est\u00e1n llegando, por ejemplo:<\/h1>\n<p>[\/vc_column_text][vc_column_text]Mandos finales<br \/>\nUnidades de Swing<br \/>\nCilindros<br \/>\nCoronas giratorias<br \/>\nTrack Asambleas de primavera<br \/>\nMotores de desplazamiento<br \/>\nPiezas de Motores<br \/>\nTransmision Parts<br \/>\nBombas Principal hidr\u00e1ulico<br \/>\n[\/vc_column_text][vc_column_text]<\/p>\n<h3>Por que elegir Tractopart?<\/h3>\n<p>Porque tenemos a su dispocision Piezas de construcci\u00f3n en Miami por mas de 100.000 pies cuadrados de piezas usadas y reacondicionadas para su maquina Case y otros fabricantes l\u00edderes? Almacenamos y vendemos a un precio que puede pagar con la seguridad a\u00f1adida de nuestra garant\u00eda de ejecuci\u00f3n.[\/vc_column_text][\/vc_column][\/vc_row][vc_row full_width=\u00bb\u00bb parallax=\u00bb\u00bb parallax_image=\u00bb\u00bb][vc_column width=\u00bb1\/1&#8243;][\/vc_column][\/vc_row][vc_row full_width=\u00bb\u00bb parallax=\u00bb\u00bb parallax_image=\u00bb\u00bb][vc_column width=\u00bb1\/3&#8243;][\/vc_column][vc_column width=\u00bb1\/3&#8243;][\/vc_column][vc_column width=\u00bb1\/3&#8243;][\/vc_column][\/vc_row]<\/p>\n<\/div>","protected":false},"excerpt":{"rendered":"<p>[vc_row full_width=\u00bb\u00bb parallax=\u00bb\u00bb parallax_image=\u00bb\u00bb][vc_column width=\u00bb1\/2&#8243;][vc_single_image border_color=\u00bbgrey\u00bb img_link_large=\u00bb\u00bb img_link_target=\u00bb_self\u00bb image=\u00bb4898&#8243; img_size=\u00bbfull\u00bb][\/vc_column][vc_column width=\u00bb1\/2&#8243;][vc_column_text]Haga que Tracto Part sea el recurso de repuestos de construcci\u00f3n Case en equipos pesado en Miami piezas reacondicionadas, reconstruidas, nuevo y usado en repuestos Case o podemos acceder a ellos a trav\u00e9s de nuestra red de socios. Tracto Part se asegura de nuestros equipos<\/p>\n","protected":false},"author":13,"featured_media":0,"parent":0,"menu_order":0,"comment_status":"open","ping_status":"open","template":"","meta":{"footnotes":""},"class_list":["post-4742","page","type-page","status-publish","hentry"],"aioseo_notices":[],"_links":{"self":[{"href":"https:\/\/tractopart.com\/sp\/wp-json\/wp\/v2\/pages\/4742","targetHints":{"allow":["GET"]}}],"collection":[{"href":"https:\/\/tractopart.com\/sp\/wp-json\/wp\/v2\/pages"}],"about":[{"href":"https:\/\/tractopart.com\/sp\/wp-json\/wp\/v2\/types\/page"}],"author":[{"embeddable":true,"href":"https:\/\/tractopart.com\/sp\/wp-json\/wp\/v2\/users\/13"}],"replies":[{"embeddable":true,"href":"https:\/\/tractopart.com\/sp\/wp-json\/wp\/v2\/comments?post=4742"}],"version-history":[{"count":8,"href":"https:\/\/tractopart.com\/sp\/wp-json\/wp\/v2\/pages\/4742\/revisions"}],"predecessor-version":[{"id":5042,"href":"https:\/\/tractopart.com\/sp\/wp-json\/wp\/v2\/pages\/4742\/revisions\/5042"}],"wp:attachment":[{"href":"https:\/\/tractopart.com\/sp\/wp-json\/wp\/v2\/media?parent=4742"}],"curies":[{"name":"wp","href":"https:\/\/api.w.org\/{rel}","templated":true}]}}