{"id":4700,"date":"2015-08-06T02:29:13","date_gmt":"2015-08-06T02:29:13","guid":{"rendered":"http:\/\/creaxpress.com\/tractopart\/?page_id=4700"},"modified":"2015-10-13T14:17:44","modified_gmt":"2015-10-13T14:17:44","slug":"caterpillar-parts","status":"publish","type":"page","link":"https:\/\/tractopart.com\/sp\/caterpillar-parts\/","title":{"rendered":"Caterpillar"},"content":{"rendered":"<div class=\"wpb-content-wrapper\"><p>[vc_row full_width=\u00bb\u00bb parallax=\u00bb\u00bb parallax_image=\u00bb\u00bb][vc_column width=\u00bb1\/2&#8243;][vc_single_image border_color=\u00bbgrey\u00bb img_link_large=\u00bb\u00bb img_link_target=\u00bb_self\u00bb image=\u00bb4909&#8243; img_size=\u00bbfull\u00bb][\/vc_column][vc_column width=\u00bb1\/2&#8243;][vc_column_text]Ofrecemos una gran variedad de piezas originales Caterpillar ,reconstruidas y usadas con garantia en construcci\u00f3n y piezas industriales para satisfacer sus necesidades, Tenemos a\u00f1os de experiencia de ser una fuente valiosa de piezas de construcci\u00f3n Caterpillar.<\/p>\n<p>En Tractopart no s\u00f3lo ofrecemos piezas de motor caterpillar si no un gran surtido de Bombas hydraulicas caterpillar y toda la gama de repuestos caterpillar en miami ofreciendo un excelente, servicio de ahorro de piezas caterpillar en miami respaldo que usted necesita para obtener sus \u00f3rdenes r\u00e1pida y eficientemente con nuestro servicio puerta a puerta a su destino.<\/p>\n<p>Tracto Part puede ayudarle a encontrar las piezas de equipo pesado Caterpillar que usted est\u00e1 buscando, entre ellas: bombas hidr\u00e1ulicas, mandos finales, engranajes oscilaci\u00f3n, cilindros hidr\u00e1ulicos, piezas de tren de rodaje, y m\u00e1s. Podemos ayudarle a ahorrar, as\u00ed como proporciona y garant\u00eda l\u00edder en la industria. Ll\u00e1menos ahora o rellene las partes solicitan en el formulario y estaremos encantados de ayudar a proporcionar las partes para la excavadora Caterpillar para mantener su m\u00e1quina en funcionamiento.[\/vc_column_text][vc_empty_space height=\u00bb20px\u00bb][vc_single_image image=\u00bb5682&#8243; border_color=\u00bbgrey\u00bb img_link_large=\u00bb\u00bb img_link_target=\u00bb_self\u00bb img_size=\u00bbfull\u00bb][\/vc_column][\/vc_row][vc_row full_width=\u00bb\u00bb parallax=\u00bb\u00bb parallax_image=\u00bb\u00bb][vc_column width=\u00bb1\/1&#8243;][vc_column_text]<\/p>\n<h1>Tractopart puede ayudarte a encontrar la parte Caterpillar que est\u00e1s buscando, incluyendo:<\/h1>\n<p>[\/vc_column_text][\/vc_column][\/vc_row][vc_row full_width=\u00bb\u00bb parallax=\u00bb\u00bb parallax_image=\u00bb\u00bb][vc_column width=\u00bb1\/3&#8243;][vc_column_text]Espanol<br \/>\nCaterpillar Bombas hidr\u00e1ulica<br \/>\nCaterpillar Bombas hidrost\u00e1tica<br \/>\nCaterpillar Bombas de carga<br \/>\nBombas Principal hidr\u00e1ulico<br \/>\nV\u00e1lvulas de control de Caterpillar<br \/>\nColectores de Caterpillar<br \/>\nOruga Mandos finales<br \/>\nPropel o unidad de motor para Caterpillar<br \/>\nMotores hidr\u00e1ulicos<br \/>\nCilindros hidr\u00e1ulicos<br \/>\nV\u00e1lvulas de alivio de presi\u00f3n<br \/>\nSincronizado y Transmisiones Shuttle completa<br \/>\nTransmisi\u00f3n Embragues<br \/>\nTransmisiones embrague de discos<br \/>\nTransmisiones Ejes Drive<br \/>\nMotores de Caterpillar<br \/>\nTurbocompresor<br \/>\nMotor de arranque<br \/>\nOruga Alternador<br \/>\nCulatas<br \/>\nMotor diesel Bloquear<br \/>\nBomba de inyecci\u00f3n Diesel Engine<br \/>\nBombas de transferencia de combustible de Caterpillar[\/vc_column_text][\/vc_column][vc_column width=\u00bb1\/3&#8243;][vc_column_text]Oruga Petr\u00f3leo Coolers<br \/>\nDiesel Motor Bielas<br \/>\nMotores Diesel completa<br \/>\nMotor diesel Liners<br \/>\nDiesel Engine Crank Ejes<br \/>\nCaterpillar \u00e1rbol de levas del motor diesel<br \/>\nBombas Diesel Engine Oil<br \/>\nDiesel Motor Volantes<br \/>\nOruga Eje delantero<br \/>\nCaterpillar Eje trasero<br \/>\nOruga diferencial<br \/>\nConjuntos de corona y pi\u00f1\u00f3n<br \/>\nEje Eje<br \/>\nOruga Bull Engranajes<br \/>\nOruga dom Engranajes<br \/>\nPlanet pi\u00f1\u00f3n Carriers<br \/>\nOruga corona dentada Cajas<br \/>\nCabinas completas<br \/>\nOruga ROPS<br \/>\nCat excavadoras Plumas<br \/>\nRetroexcavadora Plumas<br \/>\nPlumas Loader<br \/>\nCampana Bielas<br \/>\nDiesel Pistons y los conjuntos de anillo<br \/>\nDespu\u00e9s de Aire Enfriadores[\/vc_column_text][\/vc_column][vc_column width=\u00bb1\/3&#8243;][vc_column_text]Columpios de Caterpillar<br \/>\nCilindros de elevaci\u00f3n<br \/>\nEnlaces de Caterpillar H<br \/>\nBotones<br \/>\nCucharones para excavadoras<br \/>\nCubos retroexcavadora<br \/>\nOruga Cuchillas<br \/>\nPistas<br \/>\nTren de aterrizaje<br \/>\nIdlers<br \/>\nRodillos<br \/>\nPi\u00f1ones<br \/>\nCadenas de pista<br \/>\nZapatas de cadena<br \/>\nBull Dozer Cuchillas<br \/>\nEnlaces de Caterpillar Bucket<br \/>\nDientes<br \/>\nPiezas de Caterpillar Winch<br \/>\nDientes Destripador<br \/>\nOruga Cabrias completos<br \/>\nExcavadora oscilaci\u00f3n Motores de accionamiento<br \/>\nRodamientos Excavadora de Swing<br \/>\nExcavadora Gear Box<br \/>\nMotores Excavadora de Swing<br \/>\nExcavadora oscilaci\u00f3n M\u00faltiple<br \/>\n[\/vc_column_text][\/vc_column][\/vc_row][vc_row full_width=\u00bb\u00bb parallax=\u00bb\u00bb parallax_image=\u00bb\u00bb][vc_column width=\u00bb1\/1&#8243;][vc_column_text]<\/p>\n<h1>Nuestro inventario est\u00e1 siempre cambiando, as\u00ed que si usted no ve la parte Caterpillar que usted est\u00e1 buscando, por favor ll\u00e1menos.<\/h1>\n<p>[\/vc_column_text][\/vc_column][\/vc_row]<\/p>\n<\/div>","protected":false},"excerpt":{"rendered":"<p>[vc_row full_width=\u00bb\u00bb parallax=\u00bb\u00bb parallax_image=\u00bb\u00bb][vc_column width=\u00bb1\/2&#8243;][vc_single_image border_color=\u00bbgrey\u00bb img_link_large=\u00bb\u00bb img_link_target=\u00bb_self\u00bb image=\u00bb4909&#8243; img_size=\u00bbfull\u00bb][\/vc_column][vc_column width=\u00bb1\/2&#8243;][vc_column_text]Ofrecemos una gran variedad de piezas originales Caterpillar ,reconstruidas y usadas con garantia en construcci\u00f3n y piezas industriales para satisfacer sus necesidades, Tenemos a\u00f1os de experiencia de ser una fuente valiosa de piezas de construcci\u00f3n Caterpillar. En Tractopart no s\u00f3lo ofrecemos piezas de motor caterpillar<\/p>\n","protected":false},"author":13,"featured_media":0,"parent":0,"menu_order":0,"comment_status":"open","ping_status":"open","template":"","meta":{"footnotes":""},"class_list":["post-4700","page","type-page","status-publish","hentry"],"aioseo_notices":[],"_links":{"self":[{"href":"https:\/\/tractopart.com\/sp\/wp-json\/wp\/v2\/pages\/4700","targetHints":{"allow":["GET"]}}],"collection":[{"href":"https:\/\/tractopart.com\/sp\/wp-json\/wp\/v2\/pages"}],"about":[{"href":"https:\/\/tractopart.com\/sp\/wp-json\/wp\/v2\/types\/page"}],"author":[{"embeddable":true,"href":"https:\/\/tractopart.com\/sp\/wp-json\/wp\/v2\/users\/13"}],"replies":[{"embeddable":true,"href":"https:\/\/tractopart.com\/sp\/wp-json\/wp\/v2\/comments?post=4700"}],"version-history":[{"count":13,"href":"https:\/\/tractopart.com\/sp\/wp-json\/wp\/v2\/pages\/4700\/revisions"}],"predecessor-version":[{"id":5683,"href":"https:\/\/tractopart.com\/sp\/wp-json\/wp\/v2\/pages\/4700\/revisions\/5683"}],"wp:attachment":[{"href":"https:\/\/tractopart.com\/sp\/wp-json\/wp\/v2\/media?parent=4700"}],"curies":[{"name":"wp","href":"https:\/\/api.w.org\/{rel}","templated":true}]}}