{"id":4695,"date":"2015-08-06T02:11:54","date_gmt":"2015-08-06T02:11:54","guid":{"rendered":"http:\/\/creaxpress.com\/tractopart\/?page_id=4695"},"modified":"2015-08-12T16:05:52","modified_gmt":"2015-08-12T16:05:52","slug":"komatsu","status":"publish","type":"page","link":"https:\/\/tractopart.com\/sp\/komatsu\/","title":{"rendered":"Komatsu"},"content":{"rendered":"<div class=\"wpb-content-wrapper\"><p>[vc_row full_width=\u00bb\u00bb parallax=\u00bb\u00bb parallax_image=\u00bb\u00bb][vc_column width=\u00bb1\/2&#8243;][vc_single_image border_color=\u00bbgrey\u00bb img_link_large=\u00bb\u00bb img_link_target=\u00bb_self\u00bb image=\u00bb4900&#8243; img_size=\u00bbfull\u00bb][\/vc_column][vc_column width=\u00bb1\/2&#8243;][vc_column_text]Ofrecemos una gran variedad de piezas originales komatsu ,reconstruidas y usadas con garantia en construcci\u00f3n y piezas industriales para satisfacer sus necesidades, Tenemos a\u00f1os de experiencia de ser una fuente valiosa de piezas de construcci\u00f3n Komatsu.<\/p>\n<p>En Tractopart no s\u00f3lo ofrecemos piezas de motor komatsu si no un gran surtido de Bombas hydraulicas Komatsu y toda la gama de equipo pesado Komatsu en Miami ofreciendo un excelente, servicio de ahorro y el respaldo que usted necesita para obtener sus \u00f3rdenes r\u00e1pida y eficientemente con nuestro servicio puerta a puerta a su destino.<\/p>\n<h3>Tracto Part puede ayudarle a encontrar las piezas Komastu en miami que usted est\u00e1 buscando<\/h3>\n<p>Entre ellas: bombas hidr\u00e1ulicas, mandos finales, engranajes oscilaci\u00f3n, cilindros hidr\u00e1ulicos, piezas de tren de rodaje, y m\u00e1s. Podemos ayudarle a ahorrar, as\u00ed como proporciona y garant\u00eda l\u00edder en la industria. Ll\u00e1menos ahora o rellene las partes solicitanen en el formulario y estaremos encantados de ayudar a proporcionar las partes para su excavadora Komatsu para mantener su m\u00e1quina en funcionamiento.<\/p>\n<h3>Repuestos Excavadoras<\/h3>\n<p>Nuestro inventario est\u00e1 siempre cambiando, as\u00ed que si usted no ve la parte Komatsu que usted est\u00e1 buscando, por favor ll\u00e1menos.[\/vc_column_text][\/vc_column][\/vc_row][vc_row full_width=\u00bb\u00bb parallax=\u00bb\u00bb parallax_image=\u00bb\u00bb][vc_column width=\u00bb1\/1&#8243;][vc_column_text]<\/p>\n<h1>Tractopart puede ayudarte a encontrar la parte Komatsu que est\u00e1s buscando, incluyendo:<\/h1>\n<p>[\/vc_column_text][\/vc_column][\/vc_row][vc_row full_width=\u00bb\u00bb parallax=\u00bb\u00bb parallax_image=\u00bb\u00bb][vc_column width=\u00bb1\/3&#8243;][vc_column_text]Komatsu Bombas hidr\u00e1ulica<br \/>\nKomatsu Bombas hidrost\u00e1tica<br \/>\nKomatsu Bombas de carga<br \/>\nBombas Principal hidr\u00e1ulico<br \/>\nV\u00e1lvulas de control de Komatsu<br \/>\nColectores de Komatsu<br \/>\nOruga Mandos finales<br \/>\nPropel o unidad de motor para Komatsu<br \/>\nMotores hidr\u00e1ulicos<br \/>\nCilindros hidr\u00e1ulicos<br \/>\nV\u00e1lvulas de alivio de presi\u00f3n<br \/>\nSincronizado y Transmisiones Shuttle completa<br \/>\nTransmisi\u00f3n Embragues<br \/>\nTransmisiones embrague de discos<br \/>\nTransmisiones Ejes Drive<br \/>\nMotores de Komatsu<br \/>\nTurbocompresor<br \/>\nMotor de arranque<br \/>\nOruga Alternador<br \/>\nCulatas<br \/>\nMotor diesel Bloquear<br \/>\nBomba de inyecci\u00f3n Diesel Engine<br \/>\nBombas de transferencia de combustible de Komatsu[\/vc_column_text][\/vc_column][vc_column width=\u00bb1\/3&#8243;][vc_column_text]Oruga Petr\u00f3leo Coolers<br \/>\nDiesel Motor Bielas<br \/>\nMotores Diesel completa<br \/>\nMotor diesel Liners<br \/>\nDiesel Engine Crank Ejes<br \/>\nKomatsu \u00e1rbol de levas del motor diesel<br \/>\nBombas Diesel Engine Oil<br \/>\nDiesel Motor Volantes<br \/>\nOruga Eje delantero<br \/>\nKomatsu Eje trasero<br \/>\nOruga diferencial<br \/>\nConjuntos de corona y pi\u00f1\u00f3n<br \/>\nEje Eje<br \/>\nOruga Bull Engranajes<br \/>\nOruga dom Engranajes<br \/>\nPlanet pi\u00f1\u00f3n Carriers<br \/>\nOruga corona dentada Cajas<br \/>\nCabinas completas<br \/>\nOruga ROPS<br \/>\nKomatsu excavadoras Plumas<br \/>\nRetroexcavadora Plumas<br \/>\nPlumas Loader<br \/>\nCampana Bielas<br \/>\nDiesel Pistons y los conjuntos de anillo<br \/>\nDespu\u00e9s de Aire Enfriadores[\/vc_column_text][\/vc_column][vc_column width=\u00bb1\/3&#8243;][vc_column_text]Columpios de Komatsu<br \/>\nCilindros de elevaci\u00f3n<br \/>\nEnlaces de Komatsu H<br \/>\nBotones<br \/>\nCucharones para excavadoras<br \/>\nCubos retroexcavadora<br \/>\nOruga Cuchillas<br \/>\nPistas<br \/>\nTren de aterrizaje<br \/>\nIdlers<br \/>\nRodillos<br \/>\nPi\u00f1ones<br \/>\nCadenas de pista<br \/>\nZapatas de cadena<br \/>\nBull Dozer Cuchillas<br \/>\nEnlaces de Komatsu Bucket<br \/>\nDientes<br \/>\nPiezas de Komatsu Winch<br \/>\nDientes Destripador<br \/>\nOruga Cabrias completos<br \/>\nExcavadora oscilaci\u00f3n Motores de accionamiento<br \/>\nRodamientos Excavadora de Swing<br \/>\nExcavadora Gear Box<br \/>\nMotores Excavadora de Swing<br \/>\nExcavadora oscilaci\u00f3n M\u00faltiple<br \/>\n[\/vc_column_text][\/vc_column][\/vc_row][vc_row full_width=\u00bb\u00bb parallax=\u00bb\u00bb parallax_image=\u00bb\u00bb][vc_column width=\u00bb1\/1&#8243;][vc_column_text]<br \/>\nNuestro inventario est\u00e1 siempre cambiando, as\u00ed que si usted no ve la parte Komatsu que usted est\u00e1 buscando, por favor ll\u00e1menos.<\/p>\n<p>[\/vc_column_text][\/vc_column][\/vc_row]<\/p>\n<\/div>","protected":false},"excerpt":{"rendered":"<p>[vc_row full_width=\u00bb\u00bb parallax=\u00bb\u00bb parallax_image=\u00bb\u00bb][vc_column width=\u00bb1\/2&#8243;][vc_single_image border_color=\u00bbgrey\u00bb img_link_large=\u00bb\u00bb img_link_target=\u00bb_self\u00bb image=\u00bb4900&#8243; img_size=\u00bbfull\u00bb][\/vc_column][vc_column width=\u00bb1\/2&#8243;][vc_column_text]Ofrecemos una gran variedad de piezas originales komatsu ,reconstruidas y usadas con garantia en construcci\u00f3n y piezas industriales para satisfacer sus necesidades, Tenemos a\u00f1os de experiencia de ser una fuente valiosa de piezas de construcci\u00f3n Komatsu. En Tractopart no s\u00f3lo ofrecemos piezas de motor komatsu<\/p>\n","protected":false},"author":13,"featured_media":0,"parent":0,"menu_order":0,"comment_status":"open","ping_status":"open","template":"","meta":{"footnotes":""},"class_list":["post-4695","page","type-page","status-publish","hentry"],"aioseo_notices":[],"_links":{"self":[{"href":"https:\/\/tractopart.com\/sp\/wp-json\/wp\/v2\/pages\/4695","targetHints":{"allow":["GET"]}}],"collection":[{"href":"https:\/\/tractopart.com\/sp\/wp-json\/wp\/v2\/pages"}],"about":[{"href":"https:\/\/tractopart.com\/sp\/wp-json\/wp\/v2\/types\/page"}],"author":[{"embeddable":true,"href":"https:\/\/tractopart.com\/sp\/wp-json\/wp\/v2\/users\/13"}],"replies":[{"embeddable":true,"href":"https:\/\/tractopart.com\/sp\/wp-json\/wp\/v2\/comments?post=4695"}],"version-history":[{"count":10,"href":"https:\/\/tractopart.com\/sp\/wp-json\/wp\/v2\/pages\/4695\/revisions"}],"predecessor-version":[{"id":5045,"href":"https:\/\/tractopart.com\/sp\/wp-json\/wp\/v2\/pages\/4695\/revisions\/5045"}],"wp:attachment":[{"href":"https:\/\/tractopart.com\/sp\/wp-json\/wp\/v2\/media?parent=4695"}],"curies":[{"name":"wp","href":"https:\/\/api.w.org\/{rel}","templated":true}]}}