{"id":4694,"date":"2015-08-06T02:36:40","date_gmt":"2015-08-06T02:36:40","guid":{"rendered":"http:\/\/creaxpress.com\/tractopart\/?page_id=4694"},"modified":"2015-08-12T02:12:35","modified_gmt":"2015-08-12T02:12:35","slug":"john-deere","status":"publish","type":"page","link":"https:\/\/tractopart.com\/sp\/john-deere\/","title":{"rendered":"John Deere"},"content":{"rendered":"<div class=\"wpb-content-wrapper\"><p>[vc_row full_width=\u00bb\u00bb parallax=\u00bb\u00bb parallax_image=\u00bb\u00bb][vc_column width=\u00bb1\/2&#8243;][vc_single_image border_color=\u00bbgrey\u00bb img_link_large=\u00bb\u00bb img_link_target=\u00bb_self\u00bb image=\u00bb4708&#8243; img_size=\u00bbfull\u00bb][\/vc_column][vc_column width=\u00bb1\/2&#8243;][vc_column_text]Disponemos de una gran selecci\u00f3n de, repuestos Jhon Deere , Reemplazo y de piezas de construcci\u00f3n reconstruidas para adaptarse a su equipo de agricultura John Deere en Miami , nuestros repuestos nuevos y usados Jhon Deere se ajustan a sus necesidades, Tenemos piezas de construcci\u00f3n para satisfacer sus excavadoras John Deere, retroexcavadoras, cargadoras de pista y m\u00e1s.<\/p>\n<p>Tenemos a\u00f1os de experiencia de ser una fuente de partes John Deere repuestos de equipos pesados, Llevamos y suministramos una amplia gama de piezas de construcci\u00f3n John Deere como motores hydraulicos para jhon deere tren de aterrizaje partes para retroexcavadora arranques Jhon deere cilindros hydraulicos entre otros<\/p>\n<h3>Ofreciendo un servicio excelente, el ahorro y el apoyo que necesita para conseguir sus pedidos de forma r\u00e1pida y eficiente con nuestro servicio puerta a puerta a su destino.<\/h3>\n<p>[\/vc_column_text][vc_empty_space height=\u00bb20px\u00bb][vc_single_image image=\u00bb4878&#8243; border_color=\u00bbgrey\u00bb img_link_large=\u00bb\u00bb img_link_target=\u00bb_self\u00bb img_size=\u00bbfull\u00bb][\/vc_column][\/vc_row][vc_row full_width=\u00bb\u00bb parallax=\u00bb\u00bb parallax_image=\u00bb\u00bb][vc_column width=\u00bb1\/1&#8243;][vc_column_text]<\/p>\n<h1>Nuestro inventario est\u00e1 siempre cambiando, as\u00ed que si usted no ve la parte Jhon Deere que usted est\u00e1 buscando, por favor ll\u00e1menos.<\/h1>\n<p>[\/vc_column_text][\/vc_column][\/vc_row][vc_row full_width=\u00bb\u00bb parallax=\u00bb\u00bb parallax_image=\u00bb\u00bb][vc_column width=\u00bb1\/2&#8243;][vc_column_text]<\/p>\n<ul>\n<li>Bombas hidr\u00e1ulicas para John Deere<\/li>\n<li>Bombas hidrost\u00e1tica<\/li>\n<li>Bombas John Deere Charge<\/li>\n<li>Bombas principales hidr\u00e1ulico<\/li>\n<li>V\u00e1lvulas de Control John Deere<\/li>\n<li>John Deere Colectores<\/li>\n<li>Unidades John Deere Finales<\/li>\n<li>Propel Motors \/ Dispositivos<\/li>\n<li>Motores hidr\u00e1ulicos para John Deere<\/li>\n<li>Cilindros John Deere Hidr\u00e1ulicas<\/li>\n<li>V\u00e1lvulas de alivio de presi\u00f3n<\/li>\n<li>Sincronizado \/ Shuttle Transmisiones<\/li>\n<\/ul>\n<p>[\/vc_column_text][\/vc_column][vc_column width=\u00bb1\/2&#8243;][vc_column_text]<\/p>\n<ul>\n<li>Embragues Transmisiones<\/li>\n<li>Transmisiones de embrague de discos<\/li>\n<li>Los ejes de accionamiento Transmisi\u00f3n<\/li>\n<li>Motores<\/li>\n<li>turbocompresor<\/li>\n<li>John Deere de Inicio<\/li>\n<li>Alternador<\/li>\n<li>culatas<\/li>\n<li>Motor diesel Bloquear<\/li>\n<li>Bomba de inyecci\u00f3n Diesel Engine<\/li>\n<li>Bomba de transferencia de combustible<\/li>\n<\/ul>\n<p>[\/vc_column_text][\/vc_column][\/vc_row]<\/p>\n<\/div>","protected":false},"excerpt":{"rendered":"<p>[vc_row full_width=\u00bb\u00bb parallax=\u00bb\u00bb parallax_image=\u00bb\u00bb][vc_column width=\u00bb1\/2&#8243;][vc_single_image border_color=\u00bbgrey\u00bb img_link_large=\u00bb\u00bb img_link_target=\u00bb_self\u00bb image=\u00bb4708&#8243; img_size=\u00bbfull\u00bb][\/vc_column][vc_column width=\u00bb1\/2&#8243;][vc_column_text]Disponemos de una gran selecci\u00f3n de, repuestos Jhon Deere , Reemplazo y de piezas de construcci\u00f3n reconstruidas para adaptarse a su equipo de agricultura John Deere en Miami , nuestros repuestos nuevos y usados Jhon Deere se ajustan a sus necesidades, Tenemos piezas de construcci\u00f3n<\/p>\n","protected":false},"author":13,"featured_media":0,"parent":0,"menu_order":0,"comment_status":"open","ping_status":"open","template":"","meta":{"footnotes":""},"class_list":["post-4694","page","type-page","status-publish","hentry"],"aioseo_notices":[],"_links":{"self":[{"href":"https:\/\/tractopart.com\/sp\/wp-json\/wp\/v2\/pages\/4694","targetHints":{"allow":["GET"]}}],"collection":[{"href":"https:\/\/tractopart.com\/sp\/wp-json\/wp\/v2\/pages"}],"about":[{"href":"https:\/\/tractopart.com\/sp\/wp-json\/wp\/v2\/types\/page"}],"author":[{"embeddable":true,"href":"https:\/\/tractopart.com\/sp\/wp-json\/wp\/v2\/users\/13"}],"replies":[{"embeddable":true,"href":"https:\/\/tractopart.com\/sp\/wp-json\/wp\/v2\/comments?post=4694"}],"version-history":[{"count":5,"href":"https:\/\/tractopart.com\/sp\/wp-json\/wp\/v2\/pages\/4694\/revisions"}],"predecessor-version":[{"id":5023,"href":"https:\/\/tractopart.com\/sp\/wp-json\/wp\/v2\/pages\/4694\/revisions\/5023"}],"wp:attachment":[{"href":"https:\/\/tractopart.com\/sp\/wp-json\/wp\/v2\/media?parent=4694"}],"curies":[{"name":"wp","href":"https:\/\/api.w.org\/{rel}","templated":true}]}}