{"id":4684,"date":"2015-08-06T00:56:18","date_gmt":"2015-08-06T00:56:18","guid":{"rendered":"http:\/\/creaxpress.com\/tractopart\/?page_id=4684"},"modified":"2024-09-27T21:11:03","modified_gmt":"2024-09-27T21:11:03","slug":"about-us","status":"publish","type":"page","link":"https:\/\/tractopart.com\/sp\/about-us\/","title":{"rendered":"Nosotros"},"content":{"rendered":"<div class=\"wpb-content-wrapper\"><p>[vc_row][vc_column][vc_column_text css=\u00bb\u00bb]<\/p>\n<h3>En Tractopart Suministramos calidad en componentes de construcci\u00f3n y equipo pesado<\/h3>\n<p>de excelente descuento en Piezas OEM.REBUILD EXCEDENTE DE REEMPLAZO excavadora , cargador frontal, piezas de bulldozer, y tren de aterrizaje para equipo pesado de todas las marcas&#8230;<\/p>\n<h3>Estamos ubicados en Miami, Fl<\/h3>\n<p>[\/vc_column_text][vc_empty_space][vc_row_inner][vc_column_inner width=\u00bb1\/2&#8243;][vc_single_image image=\u00bb13011&#8243; img_size=\u00bbfull\u00bb alignment=\u00bbcenter\u00bb css=\u00bb\u00bb][\/vc_column_inner][vc_column_inner width=\u00bb1\/2&#8243;][vc_column_text]<\/p>\n<h3>Experiencia<\/h3>\n<p>Contamos con la experiencia de mas de 15 a\u00f1os en el mercado y ademas de nuestro servicio personalizado el ahorro de dinero en sus \u00f3rdenes de compra es otro de nuestros beneficios<\/p>\n<h3>Agilidad<\/h3>\n<p>Le enviamos a sus locaciones sus \u00f3rdenes de compra obteniendo r\u00e1pida y \u00e1gilmente sus productos.<\/p>\n<p>Tracto Part Equipment le provee el respaldo que usted necesita en sus \u00f3rdenes de compra.[\/vc_column_text][\/vc_column_inner][\/vc_row_inner][\/vc_column][\/vc_row][vc_row][vc_column width=\u00bb1\/2&#8243;][vc_column_text]<\/p>\n<h3>Soporte<\/h3>\n<p>Estamos para apoyarle con nuestra experiencia para superar todas sus expectativas<\/p>\n<p>Nuestro inventario cuenta con una amplia variedad de marcas reconocidas de gran calidad . Suminitramos equipos y partes a precios razonables con el respaldo de la marcas de nuestros productos.<\/p>\n<p>Ofreciendo informacion diaria con fines Educativos para proporcionar mayor apoyo a nuestros clientes ha estar actualizados en el rubro.<\/p>\n<h3>Garant\u00eda en todos nuestros servicios<\/h3>\n<p>Tracto Part Equipment, tiene un amplio portafolio para usted<\/p>\n<p>Trabajamos con Maquinaria de Construcci\u00f3n Agr\u00edcolas, Plantas El\u00e9ctricas, Montacargas, Piezas, Repuestos, Cauchos y dem\u00e1s.<\/p>\n<p>usted cuenta con piezas de Excelente Calidad de la marca que lo requiera y un servicio Inigualable.<\/p>\n<p>Cotizaciones acorde a sus necesidades con los mejores precios y excelente calidad.<\/p>\n<p>Uno de los mayores inventarios de piezas, repuestos, cauchos y dem\u00e1s.<\/p>\n<p>Env\u00edos puerta a puerta a sus instalaciones con su satisfacci\u00f3n total.<\/p>\n<h3><\/h3>\n<p>[\/vc_column_text][\/vc_column][vc_column width=\u00bb1\/2&#8243;][vc_single_image image=\u00bb13010&#8243; img_size=\u00bbfull\u00bb alignment=\u00bbcenter\u00bb css=\u00bb\u00bb][\/vc_column][\/vc_row]<\/p>\n<\/div>","protected":false},"excerpt":{"rendered":"<p>[vc_row][vc_column][vc_column_text css=\u00bb\u00bb] En Tractopart Suministramos calidad en componentes de construcci\u00f3n y equipo pesado de excelente descuento en Piezas OEM.REBUILD EXCEDENTE DE REEMPLAZO excavadora , cargador frontal, piezas de bulldozer, y tren de aterrizaje para equipo pesado de todas las marcas&#8230; Estamos ubicados en Miami, Fl [\/vc_column_text][vc_empty_space][vc_row_inner][vc_column_inner width=\u00bb1\/2&#8243;][vc_single_image image=\u00bb13011&#8243; img_size=\u00bbfull\u00bb alignment=\u00bbcenter\u00bb css=\u00bb\u00bb][\/vc_column_inner][vc_column_inner width=\u00bb1\/2&#8243;][vc_column_text] Experiencia Contamos con<\/p>\n","protected":false},"author":13,"featured_media":0,"parent":0,"menu_order":0,"comment_status":"closed","ping_status":"closed","template":"page-templates\/full-width.php","meta":{"footnotes":""},"class_list":["post-4684","page","type-page","status-publish","hentry"],"aioseo_notices":[],"_links":{"self":[{"href":"https:\/\/tractopart.com\/sp\/wp-json\/wp\/v2\/pages\/4684","targetHints":{"allow":["GET"]}}],"collection":[{"href":"https:\/\/tractopart.com\/sp\/wp-json\/wp\/v2\/pages"}],"about":[{"href":"https:\/\/tractopart.com\/sp\/wp-json\/wp\/v2\/types\/page"}],"author":[{"embeddable":true,"href":"https:\/\/tractopart.com\/sp\/wp-json\/wp\/v2\/users\/13"}],"replies":[{"embeddable":true,"href":"https:\/\/tractopart.com\/sp\/wp-json\/wp\/v2\/comments?post=4684"}],"version-history":[{"count":15,"href":"https:\/\/tractopart.com\/sp\/wp-json\/wp\/v2\/pages\/4684\/revisions"}],"predecessor-version":[{"id":13162,"href":"https:\/\/tractopart.com\/sp\/wp-json\/wp\/v2\/pages\/4684\/revisions\/13162"}],"wp:attachment":[{"href":"https:\/\/tractopart.com\/sp\/wp-json\/wp\/v2\/media?parent=4684"}],"curies":[{"name":"wp","href":"https:\/\/api.w.org\/{rel}","templated":true}]}}