{"id":4264,"date":"2015-08-06T20:19:20","date_gmt":"2015-08-06T20:19:20","guid":{"rendered":"http:\/\/creaxpress.com\/tractopart\/?page_id=4264"},"modified":"2015-08-12T16:40:10","modified_gmt":"2015-08-12T16:40:10","slug":"engine-components","status":"publish","type":"page","link":"https:\/\/tractopart.com\/sp\/engine-components\/","title":{"rendered":"Componentes de Motor"},"content":{"rendered":"<div class=\"wpb-content-wrapper\"><p>[vc_row full_width=\u00bb\u00bb parallax=\u00bb\u00bb parallax_image=\u00bb\u00bb][vc_column width=\u00bb1\/2&#8243;][vc_single_image border_color=\u00bbgrey\u00bb img_link_large=\u00bb\u00bb img_link_target=\u00bb_self\u00bb image=\u00bb4888&#8243; img_size=\u00bbfull\u00bb][\/vc_column][vc_column width=\u00bb1\/2&#8243;][vc_column_text]<\/p>\n<div class=\"product-content\">\n<p>Ofrecemos productos de alta calidad que de fabricantes confiables, serviciales y con m\u00e1s recursos de la industria de piezas de repuesto.<\/p>\n<ul>\n<li>\u00a0\u00a0\u00a0 Las especificaciones de nuestras piezas cumplen\u00a0 especificaciones de los fabricantes de equipos<\/li>\n<li>\u00a0\u00a0\u00a0 Vendemos piezas de repuesto de la mejor calidad para los equipos de construcci\u00f3n<\/li>\n<li>\u00a0\u00a0\u00a0 Los mejores proveedores de piezas de repuesto en el mercado de construcci\u00f3n, Mineria, Industrial y Agricola<\/li>\n<li>\u00a0\u00a0\u00a0 Nuestro compromiso es ofrecer a nuestros clientes piezas de repuesto nuevas y reconstruidas con la m\u00e1s alta calidad.<\/li>\n<li>\u00a0\u00a0\u00a0 Elegimos nuestros proveedores, incluidos muchos fabricantes de equipos originales entre los mejores en la industria de las piezas de repuesto.<\/li>\n<\/ul>\n<\/div>\n<p>[\/vc_column_text][\/vc_column][\/vc_row][vc_row full_width=\u00bb\u00bb parallax=\u00bb\u00bb parallax_image=\u00bb\u00bb][vc_column width=\u00bb1\/1&#8243;][vc_row_inner][vc_column_inner el_class=\u00bb\u00bb width=\u00bb1\/1&#8243;][vc_column_text]<\/p>\n<h1>Continuamente mejoramos nuestras t\u00e9cnicas para asegurarse de obtener productos de calidad con la mejor tecnolog\u00eda disponible en el mercado.<\/h1>\n<p>[\/vc_column_text][\/vc_column_inner][\/vc_row_inner][\/vc_column][\/vc_row][vc_row full_width=\u00bb\u00bb parallax=\u00bb\u00bb parallax_image=\u00bb\u00bb][vc_column width=\u00bb1\/3&#8243;][vc_column_text]<\/p>\n<ul>\n<li>\u00a0\u00a0\u00a0 culatas<\/li>\n<li>\u00a0\u00a0\u00a0 Pistons<\/li>\n<li>\u00a0\u00a0\u00a0 liners<\/li>\n<li>\u00a0\u00a0\u00a0 v\u00e1lvulas<\/li>\n<li>\u00a0\u00a0\u00a0 \u00e1rboles de levas<\/li>\n<li>\u00a0\u00a0\u00a0 bielas<\/li>\n<li>\u00a0\u00a0\u00a0 Turbocompresores y cartuchos<\/li>\n<li>\u00a0\u00a0\u00a0 bloques<\/li>\n<\/ul>\n<p>[\/vc_column_text][\/vc_column][vc_column width=\u00bb1\/3&#8243;][vc_column_text]<\/p>\n<ul>\n<li>\u00a0\u00a0\u00a0 Covers<\/li>\n<li>\u00a0\u00a0\u00a0 Tensor del cintur\u00f3n<\/li>\n<li>\u00a0\u00a0\u00a0 las correas del motor<\/li>\n<li>\u00a0\u00a0\u00a0 poleas<\/li>\n<li>\u00a0\u00a0\u00a0 amortiguadores<\/li>\n<li>\u00a0\u00a0\u00a0 anillos de los pistones<\/li>\n<li>\u00a0\u00a0\u00a0 Los rodamientos del motor<\/li>\n<li>\u00a0\u00a0\u00a0 cig\u00fce\u00f1ales<\/li>\n<\/ul>\n<p>[\/vc_column_text][\/vc_column][vc_column width=\u00bb1\/3&#8243;][vc_column_text]<\/p>\n<ul>\n<li>\u00a0\u00a0\u00a0 Kit de Overhaul inframe<\/li>\n<li>\u00a0\u00a0\u00a0 Kits premium Reacondicionamiento<\/li>\n<li>\u00a0\u00a0\u00a0 bulones<\/li>\n<li>\u00a0\u00a0\u00a0 volantes<\/li>\n<li>\u00a0\u00a0\u00a0 la placa de empuje<\/li>\n<li>\u00a0\u00a0\u00a0 Kits de conexi\u00f3n de Rod<\/li>\n<li>\u00a0\u00a0\u00a0 c\u00e1maras<\/li>\n<li>\u00a0\u00a0\u00a0 colectores<\/li>\n<li>\u00a0\u00a0\u00a0 silenciadores y m\u00e1s<\/li>\n<\/ul>\n<p>[\/vc_column_text][\/vc_column][\/vc_row][vc_row full_width=\u00bb\u00bb parallax=\u00bb\u00bb parallax_image=\u00bb\u00bb][vc_column width=\u00bb1\/1&#8243;][vc_column_text]Piston Kits vienen con: Pistones, anillos de pist\u00f3n, retenes, y bul\u00f3n Revestimiento de kits de l\u00ednea se suministran con: El pist\u00f3n, el pasador, liner, kit de juntas, anillos, retenes y juntas. Remanufacturados Bloque Cuando la cabeza del cilindro est\u00e1 en buenas condiciones son capaces de ser repintados. Bloque de largo: Si la culata est\u00e1 agrietada o de part\u00edculas. Bloque medio: El bloque de medianas est\u00e1 dise\u00f1ado para aquellos clientes que buscan un t\u00e9rmino medio. La cabeza del cilindro puede estar da\u00f1ado sin embargo, la bomba de aceite est\u00e1 todav\u00eda en buenas condiciones. Con varilla montado y listo para instalar en su motor. Este kit incluye el pist\u00f3n, los anillos de pist\u00f3n, biela, camisa y los kits de revestimiento de sello.[\/vc_column_text][\/vc_column][\/vc_row]<\/p>\n<\/div>","protected":false},"excerpt":{"rendered":"<p>[vc_row full_width=\u00bb\u00bb parallax=\u00bb\u00bb parallax_image=\u00bb\u00bb][vc_column width=\u00bb1\/2&#8243;][vc_single_image border_color=\u00bbgrey\u00bb img_link_large=\u00bb\u00bb img_link_target=\u00bb_self\u00bb image=\u00bb4888&#8243; img_size=\u00bbfull\u00bb][\/vc_column][vc_column width=\u00bb1\/2&#8243;][vc_column_text] Ofrecemos productos de alta calidad que de fabricantes confiables, serviciales y con m\u00e1s recursos de la industria de piezas de repuesto. \u00a0\u00a0\u00a0 Las especificaciones de nuestras piezas cumplen\u00a0 especificaciones de los fabricantes de equipos \u00a0\u00a0\u00a0 Vendemos piezas de repuesto de la mejor calidad para<\/p>\n","protected":false},"author":13,"featured_media":0,"parent":0,"menu_order":0,"comment_status":"open","ping_status":"open","template":"","meta":{"footnotes":""},"class_list":["post-4264","page","type-page","status-publish","hentry"],"aioseo_notices":[],"_links":{"self":[{"href":"https:\/\/tractopart.com\/sp\/wp-json\/wp\/v2\/pages\/4264","targetHints":{"allow":["GET"]}}],"collection":[{"href":"https:\/\/tractopart.com\/sp\/wp-json\/wp\/v2\/pages"}],"about":[{"href":"https:\/\/tractopart.com\/sp\/wp-json\/wp\/v2\/types\/page"}],"author":[{"embeddable":true,"href":"https:\/\/tractopart.com\/sp\/wp-json\/wp\/v2\/users\/13"}],"replies":[{"embeddable":true,"href":"https:\/\/tractopart.com\/sp\/wp-json\/wp\/v2\/comments?post=4264"}],"version-history":[{"count":8,"href":"https:\/\/tractopart.com\/sp\/wp-json\/wp\/v2\/pages\/4264\/revisions"}],"predecessor-version":[{"id":5055,"href":"https:\/\/tractopart.com\/sp\/wp-json\/wp\/v2\/pages\/4264\/revisions\/5055"}],"wp:attachment":[{"href":"https:\/\/tractopart.com\/sp\/wp-json\/wp\/v2\/media?parent=4264"}],"curies":[{"name":"wp","href":"https:\/\/api.w.org\/{rel}","templated":true}]}}